{"id":1547,"date":"2015-08-16T19:21:25","date_gmt":"2015-08-16T17:21:25","guid":{"rendered":"http:\/\/www.sentieroverde.org\/wordpress\/?page_id=1547"},"modified":"2026-04-15T16:23:06","modified_gmt":"2026-04-15T14:23:06","slug":"ma-chi-ce-lo-fa-fare-2","status":"publish","type":"page","link":"https:\/\/www.sentieroverde.org\/wordpress\/?page_id=1547","title":{"rendered":"Ma chi ce lo fa fare &#8230;"},"content":{"rendered":"<p align=\"center\"><span style=\"font-size: 300%;\"><i>&#8220;Ma chi ce lo fa fare&#8221;<\/i><\/span><\/p>\n<p style=\"margin-left: 3; margin-top: 3px; margin-bottom: 3px;\" align=\"justify\"><b><span style=\"font-size: 300%;\"><br \/>\n<img loading=\"lazy\" decoding=\"async\" class=\"alignnone\" src=\"https:\/\/www.sentieroverde.org\/wordpress\/wp-content\/uploads\/2026\/04\/Prima-Volta.jpg\" alt=\"\" width=\"200\" height=\"200\" align=\"left\" border=\"0\" vspace=\"20\"><\/span><\/b><\/p>\n<p>Una domenica, sul Monte delle Fate, conducendo un gruppo in cui alcuni affrontavano per la prima volta un terreno cos\u00ec movimentato e scosceso, mi \u00e8 venuta in mente con forza la conclusione di Sibio: perch\u00e9 lo facciamo? ma perch\u00e9 ci piace.<\/p>\n<p>E&#8217; vero, verissimo! Anche gli ultimi della fila, visibilmente stanchissimi e con un forte ritardo sul gruppo, all&#8217;arrivo alle macchine ormai al buio quasi completo, sfoggiavano un grande sorriso soddisfatto. E&#8217; chiaro che anche loro hanno provato la stessa esperienza gratificante di tutti gli altri pi\u00f9 esperti.<br \/>\nMa c&#8217;\u00e8 un aspetto che l&#8217;articolo non contempla e che invece mi riguarda direttamente.<\/p>\n<p>La pigrizia. Non ci crederete, ma uno dei motivi per cui ho cominciato a organizzare escursioni \u00e8 proprio la mia innata pigrizia. Solo programmando le uscite con un anno d&#8217;anticipo e sapendo che vengono pubblicate in migliaia di copie e vanno in mano a migliaia di persone, solo cos\u00ec riesco a vincere la pigrizia e costringermi a muovermi all&#8217;alba per affrontare fatiche pazzesche che mai avrei subito se avessi dovuto farlo per lavoro!! E solo cos\u00ec riesco a godermi la completa soddisfazione, fisica e mentale, che ti avvolge al termine dell&#8217;escursione.<\/p>\n<p style=\"margin-left: 3; margin-top: 3px; margin-bottom: 3px;\" align=\"justify\"><span style=\"letter-spacing: 1pt;\"><b><i>Quindi, amiche e amici miei escursionisti carissimi, ora che lo sapete&#8230; <\/i><\/b><\/span><\/p>\n<p style=\"margin-left: 3; margin-top: 3px; margin-bottom: 3px;\" align=\"justify\"><span style=\"letter-spacing: 1pt;\"><b><i><br \/>\naiutatemi a superare la pigrizia rafforzando la mia soddisfazione con la vostra partecipazione&#8230; perch\u00e9 oltre a fare un piacere a me, piacer\u00e0 anche a voi!<\/i><\/b><\/span><\/p>\n<p style=\"margin-top: 3; margin-bottom: 3;\" align=\"justify\"><span style=\"letter-spacing: 1pt;\"><b><br \/>\n<i>Antonio<\/i><\/b><\/span><b><\/b><\/p>\n","protected":false},"excerpt":{"rendered":"<p>&#8220;Ma chi ce lo fa fare&#8221; Una domenica, sul Monte delle Fate, conducendo un gruppo in cui alcuni affrontavano per la prima volta un terreno cos\u00ec movimentato e scosceso, mi \u00e8 venuta in mente con forza la conclusione di Sibio: perch\u00e9 lo facciamo? ma perch\u00e9 ci piace. E&#8217; vero, verissimo! Anche gli ultimi della fila, visibilmente stanchissimi e con un forte ritardo sul gruppo, all&#8217;arrivo alle macchine ormai al buio quasi completo, sfoggiavano un grande sorriso soddisfatto. E&#8217; chiaro che anche loro hanno provato la stessa esperienza gratificante di tutti gli altri pi\u00f9 esperti. Ma c&#8217;\u00e8 un aspetto che l&#8217;articolo&hellip; <a class=\"continue\" href=\"https:\/\/www.sentieroverde.org\/wordpress\/?page_id=1547\">Continua a leggere<span> Ma chi ce lo fa fare &#8230;<\/span><\/a><\/p>\n<p> <a class=\"continue-reading-link\" href=\"https:\/\/www.sentieroverde.org\/wordpress\/?page_id=1547\"><span>leggi tutto<\/span><i class=\"crycon-right-dir\"><\/i><\/a> <\/p>\n","protected":false},"author":1016,"featured_media":0,"parent":2,"menu_order":265,"comment_status":"open","ping_status":"open","template":"","meta":{"ngg_post_thumbnail":0,"footnotes":""},"class_list":["post-1547","page","type-page","status-publish","hentry"],"publishpress_future_action":{"enabled":false,"date":"2026-05-17 19:05:28","action":"change-status","newStatus":"draft","terms":[],"taxonomy":"","extraData":[]},"publishpress_future_workflow_manual_trigger":{"enabledWorkflows":[]},"_links":{"self":[{"href":"https:\/\/www.sentieroverde.org\/wordpress\/index.php?rest_route=\/wp\/v2\/pages\/1547","targetHints":{"allow":["GET"]}}],"collection":[{"href":"https:\/\/www.sentieroverde.org\/wordpress\/index.php?rest_route=\/wp\/v2\/pages"}],"about":[{"href":"https:\/\/www.sentieroverde.org\/wordpress\/index.php?rest_route=\/wp\/v2\/types\/page"}],"author":[{"embeddable":true,"href":"https:\/\/www.sentieroverde.org\/wordpress\/index.php?rest_route=\/wp\/v2\/users\/1016"}],"replies":[{"embeddable":true,"href":"https:\/\/www.sentieroverde.org\/wordpress\/index.php?rest_route=%2Fwp%2Fv2%2Fcomments&post=1547"}],"version-history":[{"count":5,"href":"https:\/\/www.sentieroverde.org\/wordpress\/index.php?rest_route=\/wp\/v2\/pages\/1547\/revisions"}],"predecessor-version":[{"id":36995,"href":"https:\/\/www.sentieroverde.org\/wordpress\/index.php?rest_route=\/wp\/v2\/pages\/1547\/revisions\/36995"}],"up":[{"embeddable":true,"href":"https:\/\/www.sentieroverde.org\/wordpress\/index.php?rest_route=\/wp\/v2\/pages\/2"}],"wp:attachment":[{"href":"https:\/\/www.sentieroverde.org\/wordpress\/index.php?rest_route=%2Fwp%2Fv2%2Fmedia&parent=1547"}],"curies":[{"name":"wp","href":"https:\/\/api.w.org\/{rel}","templated":true}]}}