{"id":15642,"date":"2018-03-20T12:44:06","date_gmt":"2018-03-20T11:44:06","guid":{"rendered":"https:\/\/www.sentieroverde.org\/wordpress\/?page_id=15642"},"modified":"2025-11-05T18:23:25","modified_gmt":"2025-11-05T17:23:25","slug":"rifugio-federtrek-di-roiate","status":"publish","type":"page","link":"https:\/\/www.sentieroverde.org\/wordpress\/?page_id=15642","title":{"rendered":"il rifugio di Roiate"},"content":{"rendered":"<h3 class=\"caption\" style=\"text-align: center; margin-top: 0; margin-bottom: 0;\">Aggiornamento del 19 gennaio 2024<\/h3>\n<p>Il rifugio \u00e8 attualmente gestito dal camune di Roiate, questa \u00e8 la mail che abbiamo ricevuto oggi:<\/p>\n<p>da : <a href=\"mailto:info@comune.roiate.rm.it\" target=\"_blank\" rel=\"noopener\">info@comune.roiate.rm.it<\/a><\/p>\n<p>Buongiorno,<br \/>\nle comunichiamo la disponibilit\u00e0 del rifugio, le inviamo in tal senso il Regolamento di&nbsp; utilizzo e una modulistica generica in uso per la domanda di utilizzo dei locali comunali &nbsp;che le chiediamo di rinoltrarci con tutte &nbsp;le indicazioni (NB per il Canone deve far riferimento all\u2019art.4 del Regolamento). Inoltre c\u2019\u00e8 da segnalare la NON DISPONIBILITA\u2019 della BOMBOLA DEL GAS che &nbsp;\u00e8 in carico all\u2019utilizzatore all\u2019occorrenza.<br \/>\nDistinti Saluti<br \/>\nUff. Amm.<\/p>\n<p>ALLEGATI:<\/p>\n<p><a href=\"https:\/\/www.sentieroverde.org\/wordpress\/wp-content\/uploads\/2024\/01\/DELIBERA_Num_20__Allegato1_Regolamento-Utilizzo-Rifugio-Santa-Maria-la-Serra.pdf\">DELIBERA_Num_20__Allegato1_Regolamento Utilizzo Rifugio Santa Maria la Serra<\/a><\/p>\n<p><a href=\"https:\/\/www.sentieroverde.org\/wordpress\/wp-content\/uploads\/2024\/01\/DELIBERA_Num_26__Allegato2_MODELLO-RICHIESTA-USO-LOCALE.pdf\">DELIBERA_Num_26__Allegato2_MODELLO RICHIESTA USO LOCALE<\/a><\/p>\n<h3><span style=\"color: #cc0000;\">ATTENZIONE: considerato che la Federtrek e Sentiero Verde non sono pi\u00f9 responsabili del Rifugio, TUTTE LE INIZIATIVE CON L&#8217;USO DEL RIFUGIO, SONO&nbsp; A TITOLO PERSONALE E FINO A ULTERIORI AGGIORNAMENTI SONO SOTTO LA COMPLETA RESPONSABILITA&#8217; DEI PARTECIPANTI<\/span><\/h3>\n<h3 style=\"text-align: center;\">fine aggiornamento<br \/>\n**************<\/h3>\n<div style=\"width: 297px\" class=\"wp-caption aligncenter\"><a href=\"https:\/\/www.sentieroverde.org\/documenti\/roiate\/mini\/rifugio_davanti.jpg\"><img loading=\"lazy\" decoding=\"async\" src=\"http:\/\/www.sentieroverde.org\/documenti\/roiate\/mini\/rifugio_davanti.jpg\" alt=\"rifugio\" width=\"287\" height=\"191\"><\/a><p class=\"wp-caption-text\"><em>ingresso del rifugio<\/em><\/p><\/div>\n<p class=\"MsoNormal\" style=\"margin: 0 3px;\" align=\"justify\">Il rifugio di Roiate \u00e8 a disposizione di tutti i gruppi escursionistici <a href=\"http:\/\/www.federtrek.org\/\">FederTrek<\/a> che ne fanno richiesta. il rifugio \u00e8 attrezzato con 12 posti letto. Gli ambienti sono riscaldati e nella stanza centrale c&#8217;\u00e8 un bel camino, per creare allegria e ottimo per cucinare alla brace.<\/p>\n<p><center><br \/>\n<span style=\"color: #008080; font-family: Verdana; font-size: large;\"><b>***************** <\/b><\/span><\/center><\/p>\n<p style=\"margin-top: 0px; margin-bottom: 0px; text-align: left;\" align=\"justify\">E&#8217; disponibile una cucina a gas a quattro fuochi con pentole, padelle, stoviglie e tutto il necessario. &nbsp; Quattro tavoli con sedie, due bagni con acqua calda e water, dei quali uno con doccia.&nbsp;<\/p>\n<p style=\"margin-top: 0px; margin-bottom: 0px; text-align: left;\" align=\"justify\">Il rifugio, raggiungibile comodamente in auto, si trova sopra Roiate a 850 m di quota e a pochi metri da un osservatorio astronomico, e spettacolari aperture panoramiche a 360\u00b0 su paesi, vallate e catene montuose.<\/p>\n<div style=\"width: 274px\" class=\"wp-caption alignright\"><a href=\"http:\/\/www.sentieroverde.org\/documenti\/roiate\/mini\/rifugio_vista_W.jpg\"><img loading=\"lazy\" decoding=\"async\" src=\"http:\/\/www.sentieroverde.org\/documenti\/roiate\/mini\/rifugio_vista_W.jpg\" alt=\"vista ovesr\" width=\"264\" height=\"176\"><\/a><p class=\"wp-caption-text\"><em>vista ovest<\/em><\/p><\/div>\n<div style=\"width: 261px\" class=\"wp-caption alignleft\"><a href=\"http:\/\/www.sentieroverde.org\/documenti\/roiate\/mini\/rifugio_vista_est.jpg\"><img loading=\"lazy\" decoding=\"async\" src=\"http:\/\/www.sentieroverde.org\/documenti\/roiate\/mini\/rifugio_vista_est.jpg\" alt=\"panorama est\" width=\"251\" height=\"167\"><\/a><p class=\"wp-caption-text\"><em>vista est<\/em><\/p><\/div>\n<p style=\"margin-top: 0px; margin-bottom: 0px; text-align: left;\" align=\"center\">&nbsp;<\/p>\n<p>&nbsp;<\/p>\n<p>A circa 100 m un fontanile con acqua freschissima. Una ottima opportunit\u00e0 per escursioni, visita di aree archeologiche vicine. passeggiate, osservazioni notturne, riunioni, corsi di orientamento, escursionismo, di tipo naturalistico, ecc.. ecc.. La fruizione del Rifugio \u00e8 aperta a: Soci Federtrek in regola con il tesseramento, Soci CAI, Scout e Scuole guidati da un responsabile. Gli iscritti sono coperti da Assicurazione attraverso la tessera, mentre gli altri dovranno pagare una copertura assicurativa alla stessa Assicurazione dei tesserati, da aggiungere alla quota per la fruizione del rifugio.<\/p>\n<p style=\"margin-top: 0; margin-bottom: 0;\"><span style=\"color: #999999;\">Chi \u00e8 interessato pu\u00f2 scrivere a:&nbsp;<a style=\"color: #999999;\" href=\"mailto:pieralice.pietro@gmail.com\">pieralice.pietro@gmail.com<\/a> o chiamare Pietro Pieralice al 3473036100<\/span><\/p>\n<p><center><span style=\"color: #008080; font-family: Verdana; font-size: large;\"><b>***************** <\/b><br \/>\n<\/span><\/center><\/p>\n<p style=\"text-align: center;\"><iframe loading=\"lazy\" style=\"border: 0;\" src=\"https:\/\/www.google.com\/maps\/embed?pb=!1m14!1m8!1m3!1d14513.175100888642!2d13.069434!3d41.877502!3m2!1i1024!2i768!4f13.1!3m3!1m2!1s0x0%3A0x0!2zNDHCsDUyJzQ5LjEiTiAxM8KwMDQnMDkuNyJF!5e1!3m2!1sit!2sus!4v1521547215338\" width=\"600\" height=\"450\" frameborder=\"0\" allowfullscreen=\"allowfullscreen\"><\/iframe><\/p>\n<p><center><\/center><center><\/center><center><\/center><center><a href=\"https:\/\/goo.gl\/maps\/RoYeqr66qwr\">Visualizzazione ingrandita della mappa<\/a><small><\/small><\/center><center><span style=\"color: #008080; font-family: Verdana; font-size: large;\"><b>***************** <\/b><br \/>\n<\/span><\/center><\/p>\n<p style=\"margin: 0px 3px; text-align: center;\" align=\"center\"><b>I<span style=\"font-size: 12pt;\">L RIFUGIO DI ROIATE<\/span><\/b><b><\/b><\/p>\n<p style=\"margin: 0px 3px; text-align: left;\" align=\"center\"><span style=\"font-size: 12pt;\"><b>&nbsp;<\/b><\/span><span style=\"font-size: 12pt;\">Il Rifugio \u00e8 allocato in posizione strategica per organizzare escursioni su <a style=\"text-decoration: none;\" href=\"http:\/\/it.wikipedia.org\/wiki\/Monte_Scalambra\">Monte Scalambra<\/a>, <a style=\"text-decoration: none;\" href=\"http:\/\/www.simbruini.it\/iti.html\">Simbruini<\/a>, <a style=\"text-decoration: none;\" href=\"http:\/\/it.wikipedia.org\/wiki\/Ernici\">Ernici<\/a>, <a style=\"text-decoration: none;\" href=\"http:\/\/it.wikipedia.org\/wiki\/Monti_Lepini\">Lepini<\/a>, <a style=\"text-decoration: none;\" href=\"..\/..\/photogallery\/2007\/071021_Sorgenti_aniene_Rifugio_Ceraso\/071021_Sorgenti_aniene.htm\">Sorgenti dell\u2019Aniene<\/a> e del Simbrivio, Subiaco, Tarino, Filettino e Valle dell\u2019Aniene, Anagni, Fiuggi, grotta dell\u2019Arco, Convento Francescano di Bellegra, percorsi ciclabili lungo la ex ferrovia fino a Fiuggi, <a style=\"text-decoration: none;\" href=\"http:\/\/www.fabiopiferi.it\/astro\/astro.html\">escursioni notturne<\/a> abbinate all\u2019osservazione del cielo, osservazioni del cielo abbinate con il costruendo<br \/>\n<a style=\"text-decoration: none;\" href=\"http:\/\/www.gruppoastrofiliarea51.com\/osservatorio\/index.html\">Osservatorio Astronomico di Tor Vergata<\/a>, organizzazione di corsi full immersion di cartografia,orientamento, orientiering, riconoscimento flora e tracce di animali, storia delle popolazioni pre-romane, accompagnamento e riabilitazione disabili, ecc. ecc.<\/span><\/p>\n<p style=\"margin: 0 3px; text-align: center;\"><span style=\"font-size: 12pt;\">&#8230;&#8230;&#8230;&#8230;&#8230;..<\/span><\/p>\n<p style=\"margin: 0 3px; text-align: justify;\"><strong><span style=\"font-size: 12pt;\">Richiesta per l&#8217;uso del rifugio: <\/span><a href=\"mailto:pieralice.pietro@gmail.com\">pieralice.pietro@gmail.com<\/a> o chiamare Pietro Pieralice al 3473036100<\/strong><\/p>\n","protected":false},"excerpt":{"rendered":"<p>Aggiornamento del 19 gennaio 2024 Il rifugio \u00e8 attualmente gestito dal camune di Roiate, questa \u00e8 la mail che abbiamo ricevuto oggi: da : info@comune.roiate.rm.it Buongiorno, le comunichiamo la disponibilit\u00e0 del rifugio, le inviamo in tal senso il Regolamento di&nbsp; utilizzo e una modulistica generica in uso per la domanda di utilizzo dei locali comunali &nbsp;che le chiediamo di rinoltrarci con tutte &nbsp;le indicazioni (NB per il Canone deve far riferimento all\u2019art.4 del Regolamento). Inoltre c\u2019\u00e8 da segnalare la NON DISPONIBILITA\u2019 della BOMBOLA DEL GAS che &nbsp;\u00e8 in carico all\u2019utilizzatore all\u2019occorrenza. Distinti Saluti Uff. Amm. ALLEGATI: DELIBERA_Num_20__Allegato1_Regolamento Utilizzo Rifugio Santa&hellip; <a class=\"continue\" href=\"https:\/\/www.sentieroverde.org\/wordpress\/?page_id=15642\">Continua a leggere<span> il rifugio di Roiate<\/span><\/a><\/p>\n<p> <a class=\"continue-reading-link\" href=\"https:\/\/www.sentieroverde.org\/wordpress\/?page_id=15642\"><span>leggi tutto<\/span><i class=\"crycon-right-dir\"><\/i><\/a> <\/p>\n","protected":false},"author":1016,"featured_media":0,"parent":0,"menu_order":121,"comment_status":"closed","ping_status":"closed","template":"","meta":{"ngg_post_thumbnail":0,"footnotes":""},"class_list":["post-15642","page","type-page","status-publish","hentry"],"publishpress_future_action":{"enabled":false,"date":"2026-04-15 09:01:42","action":"change-status","newStatus":"draft","terms":[],"taxonomy":"","extraData":[]},"publishpress_future_workflow_manual_trigger":{"enabledWorkflows":[]},"_links":{"self":[{"href":"https:\/\/www.sentieroverde.org\/wordpress\/index.php?rest_route=\/wp\/v2\/pages\/15642","targetHints":{"allow":["GET"]}}],"collection":[{"href":"https:\/\/www.sentieroverde.org\/wordpress\/index.php?rest_route=\/wp\/v2\/pages"}],"about":[{"href":"https:\/\/www.sentieroverde.org\/wordpress\/index.php?rest_route=\/wp\/v2\/types\/page"}],"author":[{"embeddable":true,"href":"https:\/\/www.sentieroverde.org\/wordpress\/index.php?rest_route=\/wp\/v2\/users\/1016"}],"replies":[{"embeddable":true,"href":"https:\/\/www.sentieroverde.org\/wordpress\/index.php?rest_route=%2Fwp%2Fv2%2Fcomments&post=15642"}],"version-history":[{"count":2,"href":"https:\/\/www.sentieroverde.org\/wordpress\/index.php?rest_route=\/wp\/v2\/pages\/15642\/revisions"}],"predecessor-version":[{"id":30765,"href":"https:\/\/www.sentieroverde.org\/wordpress\/index.php?rest_route=\/wp\/v2\/pages\/15642\/revisions\/30765"}],"wp:attachment":[{"href":"https:\/\/www.sentieroverde.org\/wordpress\/index.php?rest_route=%2Fwp%2Fv2%2Fmedia&parent=15642"}],"curies":[{"name":"wp","href":"https:\/\/api.w.org\/{rel}","templated":true}]}}