{"id":2,"date":"2015-07-27T21:18:44","date_gmt":"2015-07-27T19:18:44","guid":{"rendered":"http:\/\/www.sentieroverde.org\/wordpress\/?page_id=2"},"modified":"2024-11-23T12:24:35","modified_gmt":"2024-11-23T11:24:35","slug":"chi-siamo","status":"publish","type":"page","link":"https:\/\/www.sentieroverde.org\/wordpress\/?page_id=2","title":{"rendered":"chi siamo"},"content":{"rendered":"<p style=\"text-align: center;\"><span style=\"color: #cc3300;\">CHI SIAMO<\/span><\/p>\n<h4 style=\"text-align: center;\"><em><span style=\"color: #008080;\">vuoi conoscerci meglio ? <\/span><\/em><br \/>\n<em> chiama il 333 392 7116 <a href=\"https:\/\/wa.me\/3333927116\">(anche whatsapp)<\/a><\/em><\/h4>\n<p style=\"text-align: center;\"><a href=\"https:\/\/www.sentieroverde.org\/images\/2015\/SV.jpg\"><img loading=\"lazy\" decoding=\"async\" class=\"alignleft\" src=\"https:\/\/www.sentieroverde.org\/Riferimenti\/Chi_siamo_file\/image002.jpg\" alt=\"\" width=\"121\" height=\"54\"><\/a> &nbsp;<br \/>\n<a href=\"https:\/\/www.federtrek.org\/\"><img loading=\"lazy\" decoding=\"async\" class=\"wp-image-1508 alignright\" src=\"https:\/\/www.sentieroverde.org\/wordpress\/wp-content\/uploads\/2015\/07\/Logo-Affiliata-FederTrek_02-300x102.jpg\" alt=\"Logo-Affiliata-FederTrek_02\" width=\"139\" height=\"47\" srcset=\"https:\/\/www.sentieroverde.org\/wordpress\/wp-content\/uploads\/2015\/07\/Logo-Affiliata-FederTrek_02-300x102.jpg 300w, https:\/\/www.sentieroverde.org\/wordpress\/wp-content\/uploads\/2015\/07\/Logo-Affiliata-FederTrek_02-1024x349.jpg 1024w, https:\/\/www.sentieroverde.org\/wordpress\/wp-content\/uploads\/2015\/07\/Logo-Affiliata-FederTrek_02.jpg 1173w\" sizes=\"auto, (max-width: 139px) 100vw, 139px\" \/><\/a><\/p>\n<p style=\"text-align: center;\"><strong>SENTIERO VERDE<\/strong><\/p>\n<p><b>DAL 2011 SIAMO AFFILIATI ALLA <\/b><strong><a href=\"https:\/\/www.federtrek.org\/\" target=\"_blank\" rel=\"noopener noreferrer\">FEDERTREK<\/a><\/strong><br \/>\n<em>Finalmente \u00e8 nato un nuovo progetto culturale di livello nazionale. Abbiamo lavorato con i tanti amici escursionisti, accompagnatori e responsabili di associazioni per cercare di creare nel mondo dell&#8217;escursionismo un soggetto che potesse avere un passo in pi\u00f9 rispetto alla promozione del turismo ambientale.<\/em><\/p>\n<p style=\"text-align: left;\"><strong><em>La FEDERTREK siamo noi<\/em><\/strong><br \/>\n<em>Il ruolo di <strong><a href=\"https:\/\/www.federtrek.org\/\" target=\"_blank\" rel=\"noopener noreferrer\">FederTrek<\/a><\/strong> sar\u00e0 ben distinto da quello di chi della pratica dell&#8217;escursionismo ne fa una professione.<br \/>\n<\/em>Vogliamo instaurare fin da subito una collaborazione con gli altri mondi che si muovono a vario titolo per gli stessi fini. Noi in pi\u00f9 saremo molto attenti ad una promozione a 360 \u00b0 della cultura del camminare con esperienze innovative.<br \/>\n<em>Potranno aderire associazioni che praticano anche la promozione dell&#8217;escursionismo sociale e sar\u00e0 compito principale della Federazione quello di creare una sorta di lobby positivo dell&#8217;escursionismo a piedi che possa spingere i vari livelli istituzionali a tener conto di quante potenzialit\u00e0 ci sono in questo settore soprattutto per quanto riguarda la qualit\u00e0 della vita in citt\u00e0, la promozione delle aree minori, e il benessere psico -fisico delle persone.<br \/>\nPer il 2011 Sentiero Verde mantiene ancora anche la storica tessera F.I.E.<\/em><\/p>\n<p style=\"text-align: center;\">*********<!--more--><\/p>\n<p style=\"text-align: center;\"><strong><a href=\"https:\/\/www.sentieroverde.org\/images\/2015\/SV.jpg\"><br \/>\n<img loading=\"lazy\" decoding=\"async\" class=\" alignnone\" src=\"https:\/\/www.sentieroverde.org\/Riferimenti\/Chi_siamo_file\/image002.jpg\" alt=\"\" width=\"177\" height=\"79\" border=\"0\"><\/a><br \/>\nSentiero Verde<br \/>\nAssociazione di promozione sociale <\/strong><\/p>\n<p>Presidente: Antonio Cricenti<br \/>\nCell 3273054730<br \/>\n<a href=\"antonio.cricenti@artov.ism.cnr.it\">Mail<\/a><\/p>\n<p>Nasce nel 1984 come gruppo attivo del Centro Documentazione e Iniziativa Ecologica e diventa presto associazione autonoma.<\/p>\n<p><strong>Cosa facciamo<\/strong><br \/>\nOrganizziamo iniziative a tutela e promozione dell&#8217;Ambiente e per favorire la conoscenza e l&#8217;amicizia tra i soci.<\/p>\n<p>La nostra mission \u00e8:<br \/>\nCAMMINARE PER CONOSCERE, CONOSCERE PER COMPRENDERE, COMPRENDERE PER PROTEGGERE, PROTEGGERE PER SVILUPPARE<br \/>\nOgni anno elaboriamo un nutrito programma di escursioni, gite, visite, manifestazioni (a piedi, in bicicletta, in canoa, con gli sci e con le ciaspole (racchette da neve) pubblicate sia sul sito: www.sentieroverde.org sia sul sito: <a href=\"https:\/\/www.federtrek.org\" target=\"_blank\" rel=\"noopener\">www.federtrek.org<\/a><\/p>\n<p>Organizziamo&nbsp; <a href=\"https:\/\/www.sentieroverde.org\/wordpress\/index.php\/corsi\/\">corsi<\/a>&nbsp; per insegnare ai soci che si prestano volontariamente a diventare Accompagnatori e a praticare l&#8217;escursionismo con maggiore consapevolezza.<\/p>\n<p>Organizziamo iniziative sociali con gli amici delle ASL che praticano la Montagnaterapia, escursioni aperte ai non vedenti. Collaboriamo nella diffusione della joelette come strumento per far conoscere la montagna ai disabili motori. Collaboriamo con il MAIS nelle adozioni a distanza, con EMERGENCY e con altre associazioni attive nella promozione ambientale e sociale.<br \/>\nCollaboriamo con gli Enti Parco nella segnaletica e tutoraggio dei sentieri. Abbiamo ideato e realizzato vari sentieri tra cui il SENTIERO DELLA PACE che parte da Roma, nel VII Municipio, per arrivare a piedi ai monasteri di Subiaco.<\/p>\n<p>Siamo i promotori della Biblioteca &#8220;Gianfranco Becchere&#8221; dedicata all&#8217;escursionismo e ai viaggi.<br \/>\nAbbiamo fatto da Tutor in vari progetti di Servizio Civile.<\/p>\n<p><strong>Come si pu\u00f2 collaborare<\/strong><br \/>\nSi pu\u00f2 partecipare alla vita associativa in vari modi, dalla collaborazione alle attivit\u00e0 in sede all&#8217;organizzazione di manifestazioni alla gestione della biblioteca, ecc. Chi vuole pu\u00f2 chiedere, dopo un periodo di esperienza come escursionista, di essere formato come Accompagnatore Escursionistico Volontario frequentando gli appositi corsi e sostenendo prove ed esami abilitanti.<br \/>\nI nostri Accompagnatori sono tra i pi\u00f9 esperti con almeno 25 anni di esperienza nella gestione di gruppi e alcuni di loro sono anche Istruttori nazionali.<\/p>\n<h2><span style=\"color: #cc0000;\"><strong>Come iscriversi<\/strong><\/span><br \/>\n<span style=\"color: #cc0000;\">Per diventare soci della nostra associazione occorre essere tesserati con la Federtrek.<\/span><br \/>\n<span style=\"color: #cc0000;\"><strong><a style=\"color: #cc0000;\" href=\"https:\/\/www.sentieroverde.org\/wordpress\/?p=24292\">Come tesserarsi<\/a>.<\/strong><\/span><br \/>\n<span style=\"color: #cc0000;\">La quota tessera \u00e8 di 15 Euro annuali e la quota gita richiesta per una escursione \u00e8 di 10 Euro al giorno.<\/span><br \/>\n<span style=\"color: #cc0000;\">Minori accompagnati: tessera al costo di 5 Euro e non pagano la quota gita.<\/span><\/h2>\n<p><strong>DENOMINAZIONE<\/strong>:<br \/>\n<em>Dal 18 Settembre 2006 la nostra denominazione \u00e8:<\/em><\/p>\n<p><strong>ASSOCIAZIONE DI PROMOZIONE SOCIALE SENTIERO VERDE<br \/>\nIndirizzo legale presso il commercialista Dott. Gianni Mattina: Via Ugo Ojetti 392 00137 Roma<\/strong><br \/>\nPartita IVA e Codice Fiscale: 06748001002<br \/>\nC\/C 1965 BNL AG. 46 Roma Est Codice ABI 1005 CAB 3253<br \/>\nCodice IBAN: IT86W0100503253000000001965<\/p>\n<p>Presidente: Antonio Cricenti<\/p>\n<ul>\n<li><a href=\"https:\/\/www.sentieroverde.org\/wordpress\/wp-content\/uploads\/2020\/07\/200625_STATUTO_25GIU2020_ATTO_PUBBLICO_SENTIERO-VERDE.pdf\"> Statuto<\/a><\/li>\n<li><a href=\"https:\/\/www.sentieroverde.org\/wordpress\/?p=24292\" target=\"_blank\" rel=\"noopener noreferrer\">Come iscriversi<\/a><\/li>\n<\/ul>\n<p><strong>CHI SIAMO<\/strong>:<br \/>\nsono trascorsi tanti anni da quando prese il via il progetto SENTIERO VERDE, ideato nel 1984 da un gruppo di appassionati della montagna: oggi \u00e8 quindi tempo di bilanci. Abbiamo percorso molta strada da allora, in senso metaforico e macinando km su sentieri e strade di montagna e anche in citt\u00e0: oggi contiamo oltre 400 soci di cui attivi circa 30 come Accompagnatori nell\u2019Associazione.<\/p>\n<p><strong>COSA ABBIAMO FATTO FINORA:<\/strong><br \/>\nabbiamo avuto di fatto il ruolo di coordinatore della FIE nel Lazio tutto questo tempo, realizzando tra l\u2019altro gran parte dei progetti come il<br \/>\n<a href=\"Sentieri%20europei.htm\"> <strong>Sentiero Europeo E1<\/strong><\/a>, il <a href=\"https:\/\/www.sentierodellapace.it\/\" target=\"_blank\" rel=\"noopener noreferrer\"><strong>Sentiero della Pace<\/strong><\/a>, il <a href=\"https:\/\/www.mglobba.altervista.org\/ruffi3.html\" target=\"_blank\" rel=\"noopener noreferrer\"><strong>Sentiero dei Monti Ruffi, <\/strong><\/a><a href=\"https:\/\/www.viadeilupi.eu\/\" target=\"_blank\" rel=\"noopener noreferrer\"><strong>la Via dei Lupi<\/strong><\/a> ed il <strong><a href=\"https:\/\/it.wikipedia.org\/wiki\/Cammino_dell%27alleanza\" target=\"_blank\" rel=\"noopener noreferrer\">Cammino dell&#8217;Alleanza<\/a><\/strong>, Corsi di formazione e aggiornamento per gli Accompagnatori e gli escursionisti, materiali divulgativi sui sentieri e l\u2019Ambiente in genere. Abbiamo contribuito alla realizzazione di Parchi e Riserve. Abbiamo marcato e pubblicato km di sentieri nel Lazio per sostenere un turismo di qualit\u00e0 e rispettoso dell\u2019Ambiente. Abbiamo realizzato ogni anno un fitto programma di escursioni, viaggi, gite e iniziative sociali.<\/p>\n<p style=\"text-align: center;\">&nbsp;<\/p>\n<p><strong>COSA FACCIAMO:<\/strong><br \/>\nCome ogni anno abbiamo organizzato con soddisfazione<\/p>\n<ul>\n<li><strong> Corsi Base di Escursionismo e Orientamento<\/strong><\/li>\n<li><strong> Corsi di Sci di Fondo Escursionistico<\/strong><\/li>\n<li><strong> Corsi di Orientamento Notturno<\/strong><\/li>\n<\/ul>\n<p>Curiamo anche <strong>INTERVENTI A CARATTERE SOCIALE<\/strong> nei riguardi dei disabili e delle fasce di emarginazione. Abbiamo un ciclo di iniziative culturali in collaborazione con <strong><a href=\"https:\/\/www.altrevie.it\/\"> Altrevie<\/a><\/strong> e <b><a href=\"https:\/\/www.ilgeranio.net\/\"> il Geranio<\/a><\/b>, un ciclo di escursioni per bambini e famiglie.<\/p>\n<p>Ci occupiamo di Educazione Ambientale e aderiamo con entusiasmo al movimento &#8220;<b><a href=\"https:\/\/www.facebook.com\/camminareperconoscere\/timeline\" target=\"_blank\" rel=\"noopener noreferrer\">Camminare per conoscere<\/a><\/b>&#8220;, fondato da Paolo Piacentini. Organizziamo escursioni <strong>Aperte anche ai non Vedenti<\/strong>. Proponiamo vacanze favolose: le <strong>Settimane VerdAzzurre<\/strong> nel Parco del Cilento con il G.E.T. Campania e ora anche in Val Nerina in Umbria. Sono l\u2019esperienza e il calore umano che fanno la differenza.<\/p>\n<p><strong>CHI FA LE COSE:<\/strong><br \/>\nsiamo noi, i volontari di &#8220;SENTIERO VERDE&#8221;, Accompagnatori Escursionistici e soci collaboratori con esperienza pluriennale e inoltre professionalit\u00e0 nei vari campi di intervento, comprendendo insegnanti, ricercatori, specialisti e consulenti professionali.<\/p>\n<p><strong>PUNTO DI PARTENZA:<\/strong><br \/>\nC<strong>hiedere sempre la conferma <u>QUALCHE GIORNO PRIMA<\/u> dell&#8217;orario e luogo all\u2019Accompagnatore<\/strong>). In genere i trasferimenti si fanno con auto proprie dividendo le spese tra i passeggeri (<em>viene escluso chi mette a disposizione l\u2019auto).<\/em> <strong>Si consiglia a chi \u00e8 senza auto di prenotarsi con maggiore anticipo<\/strong>.<\/p>\n<p><strong>INFO GENERALI:<\/strong><br \/>\n<span style=\"color: #008080;\"><strong>333 392 7116 <a href=\"https:\/\/wa.me\/3333927116\">(anche whatsapp)<\/a><\/strong><\/span>, o alla <span style=\"color: #cc0000;\"><strong><a style=\"color: #cc0000;\" href=\"mailto:sentieroverde30@gmail.com\" target=\"_blank\" rel=\"noopener noreferrer\">mail<\/a><\/strong><\/span><br \/>\nPer informazioni specifiche sulle escursioni telefonate all&#8217;accompagnatore con qualche giorno di anticipo, specie per i trekking e week-end.<\/p>\n<p><strong>I VANTAGGI:<\/strong><br \/>\nesperienza e capacit\u00e0 da professionisti, trasparenza e simpatia, quote corrispondenti ai costi reali, qualit\u00e0 dei rapporti umani, apertura sul sociale e sulla cultura, variet\u00e0 e grande flessibilit\u00e0 nei programmi, capacit\u00e0 progettuale.<\/p>\n<p><strong>I SERVIZI:<\/strong><\/p>\n<p><span style=\"color: #008080;\"><strong>news aggiornate ogni settimana<\/strong><\/span>, per riceverle, basta inserire la propria mail sotto &#8220;iscriviti alla newsletter&#8221; e dare conferma della di voler ricevere le nostre newsletter; il <span style=\"color: #008080;\"><strong>gruppo<\/strong><\/span>&nbsp;<span style=\"color: #cc0000;\"><a style=\"color: #cc0000;\" href=\"https:\/\/www.facebook.com\/groups\/53655490038\/\">facebook<\/a><\/span> molto vivace e con migliaia di iscritti.<\/p>\n<p style=\"text-align: center;\"><strong>IL NOSTRO STAFF<\/strong><br \/>\nConsiglio Direttivo<br \/>\n<strong>Presidente:<\/strong> Antonio Cricenti<\/p>\n<p><strong>Consiglieri: <\/strong>Ferdinando La Deda &#8211; Enrico Laurenzi &#8211; Teresa Colacci &#8211; Tiziana Germani<\/p>\n<p><strong>Organizzazione:<br \/>\nSegreteria: <\/strong>Marco Molena tel. 3333927116<strong><br \/>\nTesoreria: <\/strong>Orietta Capitanata<br \/>\n<strong>Gestione sito e comunicazioni: <a href=\"mailto:webmaster@sentieroverde.org\">webmaster<\/a><\/strong><\/p>\n<p style=\"text-align: center;\">&nbsp;***************<\/p>\n<p style=\"text-align: center;\"><a href=\"https:\/\/www.sentieroverde.org\/wordpress\/?page_id=20783\">La trasparenza<\/a><\/p>\n<p style=\"text-align: center;\"><b><a href=\"https:\/\/www.sentieroverde.org\/wordpress\/?page_id=89\">I nostri Accompagntori Escursionistici<\/a><\/b><\/p>\n<p style=\"text-align: center;\"><b><a href=\"https:\/\/www.sentieroverde.org\/wordpress\/?page_id=29\">Come partecipare<\/a><\/b><\/p>\n<p style=\"text-align: center;\"><em><a href=\"https:\/\/goo.gl\/maps\/KW6YGjxMJ1b61WSw5\"><strong>Dove siamo<\/strong><\/a><\/em><\/p>\n<p style=\"text-align: center;\"><em>*** FINE DELLA PAGINA ***<\/em><\/p>\n","protected":false},"excerpt":{"rendered":"<p>CHI SIAMO vuoi conoscerci meglio ? chiama il 333 392 7116 (anche whatsapp) &nbsp; SENTIERO VERDE DAL 2011 SIAMO AFFILIATI ALLA FEDERTREK Finalmente \u00e8 nato un nuovo progetto culturale di livello nazionale. Abbiamo lavorato con i tanti amici escursionisti, accompagnatori e responsabili di associazioni per cercare di creare nel mondo dell&#8217;escursionismo un soggetto che potesse avere un passo in pi\u00f9 rispetto alla promozione del turismo ambientale. La FEDERTREK siamo noi Il ruolo di FederTrek sar\u00e0 ben distinto da quello di chi della pratica dell&#8217;escursionismo ne fa una professione. Vogliamo instaurare fin da subito una collaborazione con gli altri mondi che&hellip; <a class=\"continue\" href=\"https:\/\/www.sentieroverde.org\/wordpress\/?page_id=2\">Continua a leggere<span> chi siamo<\/span><\/a><\/p>\n<p> <a class=\"continue-reading-link\" href=\"https:\/\/www.sentieroverde.org\/wordpress\/?page_id=2\"><span>leggi tutto<\/span><i class=\"crycon-right-dir\"><\/i><\/a> <\/p>\n","protected":false},"author":1016,"featured_media":0,"parent":0,"menu_order":258,"comment_status":"open","ping_status":"closed","template":"","meta":{"ngg_post_thumbnail":0,"footnotes":""},"class_list":["post-2","page","type-page","status-publish","hentry"],"publishpress_future_action":{"enabled":false,"date":"2026-04-13 14:14:45","action":"change-status","newStatus":"draft","terms":[],"taxonomy":"","extraData":[]},"publishpress_future_workflow_manual_trigger":{"enabledWorkflows":[]},"_links":{"self":[{"href":"https:\/\/www.sentieroverde.org\/wordpress\/index.php?rest_route=\/wp\/v2\/pages\/2","targetHints":{"allow":["GET"]}}],"collection":[{"href":"https:\/\/www.sentieroverde.org\/wordpress\/index.php?rest_route=\/wp\/v2\/pages"}],"about":[{"href":"https:\/\/www.sentieroverde.org\/wordpress\/index.php?rest_route=\/wp\/v2\/types\/page"}],"author":[{"embeddable":true,"href":"https:\/\/www.sentieroverde.org\/wordpress\/index.php?rest_route=\/wp\/v2\/users\/1016"}],"replies":[{"embeddable":true,"href":"https:\/\/www.sentieroverde.org\/wordpress\/index.php?rest_route=%2Fwp%2Fv2%2Fcomments&post=2"}],"version-history":[{"count":6,"href":"https:\/\/www.sentieroverde.org\/wordpress\/index.php?rest_route=\/wp\/v2\/pages\/2\/revisions"}],"predecessor-version":[{"id":33554,"href":"https:\/\/www.sentieroverde.org\/wordpress\/index.php?rest_route=\/wp\/v2\/pages\/2\/revisions\/33554"}],"wp:attachment":[{"href":"https:\/\/www.sentieroverde.org\/wordpress\/index.php?rest_route=%2Fwp%2Fv2%2Fmedia&parent=2"}],"curies":[{"name":"wp","href":"https:\/\/api.w.org\/{rel}","templated":true}]}}