{"id":27277,"date":"2025-04-30T18:02:30","date_gmt":"2025-04-30T16:02:30","guid":{"rendered":"https:\/\/www.sentieroverde.org\/wordpress\/?page_id=27277"},"modified":"2025-05-02T17:55:55","modified_gmt":"2025-05-02T15:55:55","slug":"candidati-consiglio-direttivo-2022","status":"publish","type":"page","link":"https:\/\/www.sentieroverde.org\/wordpress\/?page_id=27277","title":{"rendered":"Candidati Consiglio Direttivo 2025"},"content":{"rendered":"<h3 style=\"text-align: center;\"><a href=\"https:\/\/www.sentieroverde.org\/wordpress\/wp-content\/uploads\/2022\/10\/IMG_20190821_161646.jpg\"><img loading=\"lazy\" decoding=\"async\" class=\"size-medium wp-image-27307 alignleft\" src=\"https:\/\/www.sentieroverde.org\/wordpress\/wp-content\/uploads\/2022\/10\/IMG_20190821_161646-250x186.jpg\" alt=\"banner\" width=\"250\" height=\"186\" srcset=\"https:\/\/www.sentieroverde.org\/wordpress\/wp-content\/uploads\/2022\/10\/IMG_20190821_161646-250x186.jpg 250w, https:\/\/www.sentieroverde.org\/wordpress\/wp-content\/uploads\/2022\/10\/IMG_20190821_161646-768x570.jpg 768w, https:\/\/www.sentieroverde.org\/wordpress\/wp-content\/uploads\/2022\/10\/IMG_20190821_161646-600x445.jpg 600w, https:\/\/www.sentieroverde.org\/wordpress\/wp-content\/uploads\/2022\/10\/IMG_20190821_161646-150x111.jpg 150w, https:\/\/www.sentieroverde.org\/wordpress\/wp-content\/uploads\/2022\/10\/IMG_20190821_161646.jpg 1056w\" sizes=\"auto, (max-width: 250px) 100vw, 250px\" \/><\/a>Antonio Cricenti Tessera N. 55851 scadenza 27\/9\/2025<\/h3>\n<p><span style=\"font-family: Georgia, serif;\"><span style=\"font-size: medium;\"><i>AEV dal 18 settembre 2021, fa parte del comitato di quartiere a Monte Mario per la difesa del verde pubblico e la creazione di spazi adeguati per le famiglie (Associazione Spazio Verde), fa parte di ALP (Alleanza Prenestini), organizzatore di eventi sociali di quartiere e nazionali, gestore e organizzatore di gruppi di cammino mediante social per persone con patologie e difficolt\u00e0 a camminare. Mi candido al Direttivo mettendo a disposizione la mia esperienza di organizzatore e facente parte di comitato di quartiere per la difesa del verde pubblico e la creazione di spazi adeguati per le famiglie (Associazione Spazio Verde). Sono per la realizzazione di nuovi percorsi fruibili a tutti e per l\u2019inclusione alle varie attivit\u00e0 e la difesa del verde pubblico e non. Il Direttivo lo vedo come la possibilit\u00e0 di organizzare al meglio il gruppo e l\u2019Associazione e dare risposte chiare a tutti, AEV e soci, e in questo ambito vedo bene la partecipazione degli AEV alle riunioni del Direttivo. Intendo proseguire con la strada fin qui intrapresa da Sentiero Verde e aggiornare al presente tutto il possibile dell\u2019Associazione, anche mediante l\u2019utilizzo di nuove piattaforme telematiche, con dotazioni individuali idonee a una buona riuscita di ogni evento, es. dotare ogni AEV di attrezzatura per il mantenimento e l\u2019apertura dei cammini, mappe, radiolina ricetrasmittente e striscione Sentiero Verde, che vedo come una importante forma di appartenenza a un gruppo.<\/i><\/span><\/span><\/p>\n<p style=\"text-align: center;\">***** 1 *****<\/p>\n<h3 style=\"text-align: center;\"><a href=\"https:\/\/www.sentieroverde.org\/wordpress\/wp-content\/uploads\/2022\/10\/Marco_Molena.jpg\"><img loading=\"lazy\" decoding=\"async\" class=\" wp-image-27347 alignleft\" src=\"https:\/\/www.sentieroverde.org\/wordpress\/wp-content\/uploads\/2022\/01\/MarcoMolena.jpg\" alt=\"banner\" width=\"220\" height=\"220\"><\/a>Marco Molena&nbsp;<\/h3>\n<p><em>Salve, ho 62 anni di professione sono un commerciante, svolgo il mio mestiere da pi\u00f9 di quarant&#8217; anni. AEV da Settembre 2021. Frequento le montagne e il mondo dell&#8217;escursionismo fin dall&#8217;et\u00e0 di 14 anni ed \u00e8 una passione che ancora seguo, sono socio CAI da pi\u00f9 di trent&#8217;anni.<\/em><br \/>\n<em>Ho partecipato come volontario al Parco Nazionale D&#8217;Abruzzo<\/em><br \/>\n<em>Il mio desiderio \u00e8 sempre stato di far appassionare altre persone al mondo della natura insegnando il rispetto e la giusta frequentazione dell&#8217;ambiente montano e di tutti gli animali che ci vivono.<\/em><br \/>\n<em>Sono diventato accompagnatore escursionistico volontario Federtrek&nbsp; accompagnando per Sentiero Verde gi\u00e0 diversi gruppi di persone.<\/em><br \/>\n<em>Devo dire che mi sono subito affezionato a questa associazione sia per le iniziative che per le persone tanto che nel precedente direttivo ho coperto la carica di segretario ed \u00e8 per questo che oggi mi ricandido come consigliere con l&#8217;intenzione di migliorare e di far crescere ancora di pi\u00f9 questa associazione.<\/em><br \/>\n<em>Ringrazio sin da ora chi mi voter\u00e0 e un caro saluto a tutti. Marco Molena. tel. 333 392 7116<\/em><\/p>\n<p style=\"text-align: center;\">***** 2 *****<\/p>\n<h3 style=\"text-align: center;\"><a href=\"https:\/\/www.sentieroverde.org\/wordpress\/wp-content\/uploads\/2022\/10\/laurenzi_enrico.jpg\"><img loading=\"lazy\" decoding=\"async\" class=\"alignleft wp-image-27372\" src=\"https:\/\/www.sentieroverde.org\/wordpress\/wp-content\/uploads\/2025\/04\/Enrico.jpg\" alt=\"\" width=\"205\" height=\"229\"><\/a>Enrico Laurenzi<\/h3>\n<p align=\"JUSTIFY\"><span style=\"font-family: Georgia, serif;\"><span style=\"font-size: medium;\">Mi presento: mi chiamo Enrico Laurenzi, sono nato a Roma nel 1957 e vivo ad Aprilia in provincia di Latina.<\/span><\/span><span style=\"font-family: Georgia, serif;\"><span style=\"font-size: medium;\">Dopo quasi 42 anni di lavoro nel campo energetico e delle telecomunicazioni, dall\u2019agosto 2022 sono in pensione e riesco finalmente a dedicarmi con pi\u00f9 partecipazione al mondo dell\u2019escursionismo e del volontariato che ho frequentato negli anni 80 con la Croce Rossa Italiana ed altre associazioni di volontariato e assistenza ai disabili e alle loro famiglie.<\/span><\/span><span style=\"font-family: Georgia, serif;\"><span style=\"font-size: medium;\">Nel 2021, proprio per potermi dedicare con pi\u00f9 attenzione e consapevolezza a questa mia passione, che coltivo da molti anni come socio di Federtrek, ho deciso di frequentare il corso di Accompagnatore Escursionista Volontario.<\/span><\/span><span style=\"font-family: Georgia, serif;\"><span style=\"font-size: medium;\">Nel 2022 sono entrato in contatto con \u201cSentiero Verde\u201d partecipando a molte iniziative ed eventi anche istituzionali.<\/span><\/span><span style=\"font-family: Georgia, serif;\"><span style=\"font-size: medium;\">Dal 2023 sono membro del consiglio direttivo di Sentiero Verde con cui ho intrapreso una collaborazione in ambito organizzativo e gestionale.<\/span><\/span><span style=\"font-family: Georgia, serif;\"><span style=\"font-size: medium;\">L\u2019impegno come membro del C.D. mi ha consentito di scoprire e approfondire ancora pi\u00f9 nel dettaglio le finalit\u00e0 e gli obiettivi che caratterizzano l\u2019attivit\u00e0 dell\u2019Associazione, attiva e presente nel panorama dell\u2019escursionismo ormai da pi\u00f9 di 40 anni. Tutti obiettivi e finalit\u00e0 che condivido completamente.<\/span><\/span><span style=\"font-family: Georgia, serif;\"><span style=\"font-size: medium;\">Nel rinnovare la mia candidatura vorrei portare un ulteriore contributo all\u2019Associazione proponendo l\u2019organizzazione di attivit\u00e0 di ciclo-escursionismo sostenibile, utilizzando principalmente il treno come mezzo di trasporto, per scoprire luoghi e itinerari affascinanti da vivere e ammirare da una prospettiva diversa.<\/span><\/span><span style=\"font-family: Georgia, serif;\"><span style=\"font-size: medium;\">Il progetto si rivolge ad una platea ampia, giovani e meno giovani, con la proposta di escursioni ed uscite giornaliere accessibili a tutti. <\/span><\/span><\/p>\n<p style=\"text-align: center;\">***** 3 *****<\/p>\n<h3 style=\"text-align: center;\"><a href=\"https:\/\/www.sentieroverde.org\/wordpress\/wp-content\/uploads\/2022\/10\/Teresa_Colacci.jpg\"><img loading=\"lazy\" decoding=\"async\" class=\"alignleft wp-image-27376\" src=\"https:\/\/www.sentieroverde.org\/wordpress\/wp-content\/uploads\/2025\/04\/Teresa-Colacci.png\" alt=\"\" width=\"206\" height=\"155\"><\/a>Teresa Colacci<\/h3>\n<p align=\"JUSTIFY\"><span style=\"font-family: Georgia, serif;\"><span style=\"font-size: medium;\">Mi chiamo Teresa Colacci, ho deciso di ricandidarmi nel direttivo di Sentiero Verde, per dare continuit\u00e0 al lavoro che \u00e8 stato realizzato in questi due anni, ma soprattutto per dare il mio piccolo contributo nella vita organizzativa di questa associazione.<\/span><\/span> <span style=\"font-family: Georgia, serif;\"><span style=\"font-size: medium;\">Sentiero verde con i suoi oltre trenta anni di storia rappresenta una Istituzione nel mondo dell\u2019outdoor ma si diversifica da tutte le altre associazioni per l\u2019attenzione, la sensibilit\u00e0 e la solidariet\u00e0 verso il sociale oltre che per l\u2019ambiente, presupposti imprescindibili della politica dell\u2019associazione e per me \u00e8 un onore condividere tali principi e rendermi parte attiva ai progetti futuri che verranno messi in campo. <\/span><\/span><span style=\"font-family: Georgia, serif;\"><span style=\"font-size: medium;\">Auguro a tutti tanti bellissimi cammini!!!! <\/span><\/span><span style=\"font-family: Georgia, serif;\"><span style=\"font-size: medium;\">Teresa Colacci<\/span><\/span><\/p>\n<p style=\"text-align: center;\">***** 4 *****<\/p>\n<h3 style=\"text-align: center;\"><a href=\"https:\/\/www.sentieroverde.org\/wordpress\/wp-content\/uploads\/2022\/10\/TIZIANA_GERMANI.jpg\"><img loading=\"lazy\" decoding=\"async\" class=\"alignleft wp-image-27456 \" src=\"https:\/\/www.sentieroverde.org\/wordpress\/wp-content\/uploads\/2025\/02\/Tiziana-Germani.jpg\" alt=\"Tiziana Germani\" width=\"166\" height=\"242\"><\/a>Tiziana Germani<\/h3>\n<p align=\"JUSTIFY\"><span style=\"font-family: Georgia, serif;\"><span style=\"font-size: medium;\">Mi chiamo Tiziana Germani, sono un AEV e un formatore della Federtrek; ho deciso di ricandidarmi nel direttivo di Sentiero Verde, per dare continuit\u00e0 al lavoro che \u00e8 stato realizzato in questi due anni, ma soprattutto perch\u00e9 sento forte l\u2019entusiasmo nell\u2019impegnarmi nella vita organizzativa di questa associazione.<\/span><\/span><span style=\"font-family: Georgia, serif;\"><span style=\"font-size: medium;\">Sentiero verde ha una storia ambientale, sociale e culturale legate al \u201ccamminare\u201d che rappresenta per me il valore aggiunto che la contraddistingue dalla maggior parte delle associazioni della Federtrek. Mi ricandido quindi per mantenere e rafforzare la mission che ha contraddistinto l\u2019associazione in tutti questi anni, ma anche per portare avanti qualche sinergia, va rafforzata e valorizzata, la figura dell\u2019accompagnatore volontario (AEV, ATUV e AV), che rappresenta imprescindibilmente il volano per tutti i progetto futuri. Buon Cammino! Tiziana Germani.<\/span><\/span><\/p>\n<p style=\"text-align: center;\">***** 5 *****<\/p>\n<p>&nbsp;<\/p>\n<h3><a href=\"https:\/\/www.sentieroverde.org\/wordpress\/wp-content\/uploads\/2022\/10\/foto_profilo_nando2.jpg\"><img loading=\"lazy\" decoding=\"async\" class=\"wp-image-27494 alignleft\" src=\"https:\/\/www.sentieroverde.org\/wordpress\/wp-content\/uploads\/2025\/05\/fot.jpg\" alt=\"banner\" width=\"174\" height=\"170\"><\/a>Ferdinando La Deda <span style=\"font-size: 16px;\">tessera n\u00b055801 scadenza 11\/06\/2025<\/span><\/h3>\n<p><span style=\"font-family: Georgia, serif;\">Mi chiamo Ferdinando La Deda (Nando) e sono quasi 35 anni che pratico escursionismo. 5 anni fa decisi di fare il Corso per accompagnatore AEV e appena superato l\u2019esame, grazie all\u2019amicizia con alcuni accompagnatori, ho fatto molte uscite ed acquisito esperienza. Mi piacciono trekking di vario tipo, urbani, collinari e di montagna. Nel praticare in tanti anni ho avuto la possibilit\u00e0 di ammirare tanta natura e paesi bellissimi. Per me il trekking \u00e8 possibilit\u00e0 di passare delle giornate diverse dalla solita routine, tenersi in forma e allargare il proprio giro di amicizie e conoscenze. Mi candido di nuovo per cercare di dare un mio contributo a Sentiero Verde che conosco da molti anni e con cui ho passato tante bellissime giornate.<br \/>\nGrazie, Nando tel. 3491994932<\/span><\/p>\n<p style=\"text-align: center;\">***** 6 *****<\/p>\n<h3 style=\"text-align: center;\"><a href=\"https:\/\/www.sentieroverde.org\/wordpress\/wp-content\/uploads\/2022\/10\/orietta_.jpg\"><img loading=\"lazy\" decoding=\"async\" class=\"alignleft wp-image-27505\" src=\"https:\/\/www.sentieroverde.org\/wordpress\/wp-content\/uploads\/2022\/10\/orietta_-250x188.jpg\" alt=\"banner\" width=\"225\" height=\"169\" srcset=\"https:\/\/www.sentieroverde.org\/wordpress\/wp-content\/uploads\/2022\/10\/orietta_-250x188.jpg 250w, https:\/\/www.sentieroverde.org\/wordpress\/wp-content\/uploads\/2022\/10\/orietta_-600x450.jpg 600w, https:\/\/www.sentieroverde.org\/wordpress\/wp-content\/uploads\/2022\/10\/orietta_-150x113.jpg 150w, https:\/\/www.sentieroverde.org\/wordpress\/wp-content\/uploads\/2022\/10\/orietta_.jpg 704w\" sizes=\"auto, (max-width: 225px) 100vw, 225px\" \/><\/a><a id=\"ori\"><\/a>Orietta Capitanata<\/h3>\n<p><span style=\"font-family: Times New Roman, serif;\"><span style=\"font-size: medium;\"><i><span style=\"color: #333333;\"><span style=\"font-family: Georgia, serif;\">Ciao, sono Orietta Capitanata, invio la mia candidatura per il rinnovo del C.D. di Sentiero VERDE. ho 61 anni, ho iniziato a frequentare l\u2019Associazione alcuni anni fa<\/span><\/span><\/i><\/span><\/span><span style=\"font-family: Times New Roman, serif;\"><span style=\"font-size: medium;\"><i><span style=\"color: #333333;\"><span style=\"font-family: Georgia, serif;\">come volontaria e da molto tempo mi occupo di Sentiero Verde nell\u2019ambito della \u201cTesoreria,. Ho acquisito negli anni un po&#8217; di esperienza nell\u2019ambito della contabilit\u00e0. <\/span><\/span><\/i><\/span><\/span><span style=\"font-family: Times New Roman, serif;\"><span style=\"font-size: medium;\"><i><span style=\"color: #333333;\"><span style=\"font-family: Georgia, serif;\">Sono fiduciosa e credo nella crescita di questa Associazione e spero&nbsp; di poter continuare a dare il mio contributo di volontaria insieme a coloro che come me frequentano l\u2019associazione. <\/span><\/span><\/i><span style=\"color: #333333;\"><span style=\"font-family: Georgia, serif;\"><i><br \/>\n<\/i><\/span><\/span><i><span style=\"color: #333333;\"><span style=\"font-family: Georgia, serif;\">Un saluto a tutti,&nbsp;Orietta Capitanata<\/span><\/span><\/i><\/span><\/span><\/p>\n<p style=\"text-align: center;\">***** 7 *****<\/p>\n<h3 style=\"text-align: center;\"><img loading=\"lazy\" decoding=\"async\" class=\"alignleft\" src=\"https:\/\/www.sentieroverde.org\/wordpress\/wp-content\/uploads\/2025\/05\/Anna-Pigliautile.jpg\" alt=\"\" width=\"209\" height=\"167\">Anna Pigliautile<\/h3>\n<p><span style=\"font-family: Georgia, serif;\"><span style=\"font-size: medium;\">Tes. Federtrek n.55808 tes. AEV Federtek n.006 tes. AEN FIE n.225 <\/span><\/span><span style=\"font-family: Georgia, serif;\"><span style=\"font-size: medium;\">Per chi non mi conosce, sono ANNA, faccio parte di Sentiero Verde dallo scorso secolo; prima come AEN FIE e dal 2011 AEV Federtrek. <\/span><\/span><span style=\"font-size: medium; font-family: Georgia, serif;\">Sempre attiva e presente, come segretaria, consigliere, vice presidente di Sentiero Verde e Consigliere FIE, tra i fondatori di Federtrek con l\u2019incarico di Consigliere, tesoriere e revisore dei conti.<\/span><span style=\"font-family: Georgia, serif;\"><span style=\"font-size: medium;\">Sono per la promozione dell\u2019escursionismo nell\u2019aspetto sociale, ambientale, culturale rivolto a tutti.<\/span><\/span><span style=\"font-family: Georgia, serif;\"><span style=\"font-size: medium;\">Potete vedere, nel sito di Sentiero Verde alcune delle varie attivit\u00e0 a cui ho contribuito.<\/span><\/span><span style=\"font-family: Georgia, serif;\"><span style=\"font-size: medium;\">Mi candido al nuovo consiglio direttivo e metto a disposizione la mia esperienza per una continua crescita di Sentiero Verde<\/span><\/span><span style=\"font-size: medium; font-family: Georgia, serif;\">Grazie<\/span><\/p>\n<p style=\"text-align: center;\">***** 8 *****<\/p>\n<h3 style=\"text-align: center;\"><img loading=\"lazy\" decoding=\"async\" class=\"alignleft\" src=\"https:\/\/www.sentieroverde.org\/wordpress\/wp-content\/uploads\/2025\/05\/Fabio-Piferi.jpg\" alt=\"\" width=\"186\" height=\"205\">Fabio Piferi<\/h3>\n<p align=\"CENTER\"><span style=\"font-family: Georgia, serif;\"><span style=\"font-size: medium;\">Tessera Federtrek n. 55807 \u2013 Tessera AEV n. 5 <\/span><\/span><span style=\"font-family: Georgia, serif;\"><span style=\"font-size: medium;\">Mi presento, soprattutto per chi non mi conosce: ho iniziato l\u2019attivit\u00e0 di accompagnatore nel 1995 come AEN FIE, dopo aver conosciuto Antonio Citti, che mi ha invitato a collaborare con Sentiero Verde. Negli anni ho fatto parte dei direttivi di Sentiero Verde e Federtrek, sono stato istruttore di comunicazioni radio e orientamento con le stelle, ho organizzato corsi di astronomia di base, gestito la segreteria associativa e dei corsi base per accompagnatori, oltre a curare la digitalizzazione dei manuali della FIE nazionale. Ho inoltre una grande sensibilit\u00e0 verso chi \u00e8 pi\u00f9 debole, perch\u00e9 credo che l&#8217;escursionismo debba essere inclusione, rispetto e attenzione per ogni persona. <\/span><\/span><span style=\"font-size: medium; font-family: Georgia, serif;\">Non voglio annoiarvi oltre con l\u2019elenco delle esperienze. <\/span><span style=\"font-family: Georgia, serif;\"><span style=\"font-size: medium;\">Mi candido per il direttivo di Sentiero Verde per mettere a disposizione di tutti la mia esperienza e le mie idee, con l&#8217;obiettivo di coinvolgere sempre pi\u00f9 accompagnatori e tesserati nel far crescere la nostra associazione. Credo che il futuro di Sentiero Verde sia nella partecipazione attiva di tutti, nell&#8217;innovazione delle proposte e nella valorizzazione delle competenze di ciascuno. <\/span><\/span><span style=\"font-family: Georgia, serif;\"><span style=\"font-size: medium;\">Grazie<\/span><\/span><\/p>\n<p style=\"text-align: center;\" align=\"CENTER\">***** 9 *****<\/p>\n","protected":false},"excerpt":{"rendered":"<p>Antonio Cricenti Tessera N. 55851 scadenza 27\/9\/2025 AEV dal 18 settembre 2021, fa parte del comitato di quartiere a Monte Mario per la difesa del verde pubblico e la creazione di spazi adeguati per le famiglie (Associazione Spazio Verde), fa parte di ALP (Alleanza Prenestini), organizzatore di eventi sociali di quartiere e nazionali, gestore e organizzatore di gruppi di cammino mediante social per persone con patologie e difficolt\u00e0 a camminare. Mi candido al Direttivo mettendo a disposizione la mia esperienza di organizzatore e facente parte di comitato di quartiere per la difesa del verde pubblico e la creazione di spazi&hellip; <a class=\"continue\" href=\"https:\/\/www.sentieroverde.org\/wordpress\/?page_id=27277\">Continua a leggere<span> Candidati Consiglio Direttivo 2025<\/span><\/a><\/p>\n<p> <a class=\"continue-reading-link\" href=\"https:\/\/www.sentieroverde.org\/wordpress\/?page_id=27277\"><span>leggi tutto<\/span><i class=\"crycon-right-dir\"><\/i><\/a> <\/p>\n","protected":false},"author":1016,"featured_media":0,"parent":0,"menu_order":9,"comment_status":"closed","ping_status":"closed","template":"","meta":{"ngg_post_thumbnail":0,"footnotes":""},"class_list":["post-27277","page","type-page","status-publish","hentry"],"publishpress_future_action":{"enabled":false,"date":"2026-05-17 03:59:24","action":"change-status","newStatus":"draft","terms":[],"taxonomy":"","extraData":[]},"publishpress_future_workflow_manual_trigger":{"enabledWorkflows":[]},"_links":{"self":[{"href":"https:\/\/www.sentieroverde.org\/wordpress\/index.php?rest_route=\/wp\/v2\/pages\/27277","targetHints":{"allow":["GET"]}}],"collection":[{"href":"https:\/\/www.sentieroverde.org\/wordpress\/index.php?rest_route=\/wp\/v2\/pages"}],"about":[{"href":"https:\/\/www.sentieroverde.org\/wordpress\/index.php?rest_route=\/wp\/v2\/types\/page"}],"author":[{"embeddable":true,"href":"https:\/\/www.sentieroverde.org\/wordpress\/index.php?rest_route=\/wp\/v2\/users\/1016"}],"replies":[{"embeddable":true,"href":"https:\/\/www.sentieroverde.org\/wordpress\/index.php?rest_route=%2Fwp%2Fv2%2Fcomments&post=27277"}],"version-history":[{"count":5,"href":"https:\/\/www.sentieroverde.org\/wordpress\/index.php?rest_route=\/wp\/v2\/pages\/27277\/revisions"}],"predecessor-version":[{"id":34653,"href":"https:\/\/www.sentieroverde.org\/wordpress\/index.php?rest_route=\/wp\/v2\/pages\/27277\/revisions\/34653"}],"wp:attachment":[{"href":"https:\/\/www.sentieroverde.org\/wordpress\/index.php?rest_route=%2Fwp%2Fv2%2Fmedia&parent=27277"}],"curies":[{"name":"wp","href":"https:\/\/api.w.org\/{rel}","templated":true}]}}