{"id":29,"date":"2015-07-28T20:26:32","date_gmt":"2015-07-28T18:26:32","guid":{"rendered":"http:\/\/www.sentieroverde.org\/wordpress\/?page_id=29"},"modified":"2024-11-21T10:07:49","modified_gmt":"2024-11-21T09:07:49","slug":"la-prima-volta","status":"publish","type":"page","link":"https:\/\/www.sentieroverde.org\/wordpress\/?page_id=29","title":{"rendered":"la prima volta"},"content":{"rendered":"<p style=\"text-align: center;\">&nbsp; &nbsp; &nbsp; &nbsp; &nbsp; &nbsp; &nbsp; &nbsp; &nbsp; &nbsp; &nbsp; &nbsp; &nbsp; &nbsp; &nbsp; &nbsp; &nbsp; &nbsp; &nbsp; &nbsp; &nbsp; &nbsp; &nbsp; &nbsp; &nbsp; &nbsp; &nbsp; &nbsp; &nbsp; &nbsp; &nbsp; &nbsp; &nbsp; &nbsp; &nbsp;<img loading=\"lazy\" decoding=\"async\" class=\"wp-image-5054  aligncenter\" src=\"https:\/\/www.sentieroverde.org\/wordpress\/wp-content\/uploads\/2024\/11\/Prima-Volta.jpg\" alt=\"bus sv\" width=\"256\" height=\"183\"><\/p>\n<p style=\"text-align: center;\" align=\"center\"><b><span style=\"color: #008080; font-size: x-large;\">Per chi partecipa la prima volta alle nostre escursioni &#8230;<br \/>\n<\/span><\/b><em><span style=\"color: #008080; font-size: large;\"><span style=\"color: #c33000;\">c&#8217;\u00e8 sempre una prima volta per tutti &#8230; <\/span><\/span><\/em><span style=\"color: #008080; font-size: large;\"><span style=\"color: #c33000;\">\ud83d\ude09<\/span><\/span><\/p>\n<h3 style=\"text-align: left;\"><span style=\"color: #008080;\"><strong>I fondamentali<\/strong><\/span><\/h3>\n<p style=\"text-align: center;\"><span style=\"color: #cc0000;\"><strong>Ti chiediamo di collaborare con i nostri accompagnatori che sono tutti volontari.<br \/>\nSe segui i nostri consigli, ci aiuti ad organizzare le uscite.<br \/>\nGRAZIE<\/strong><\/span><\/p>\n<p style=\"text-align: left;\"><strong><em>Per le escursioni di un giorno, <u>telefona all&#8217;accompagnatore qualche giorno prima<\/u> (al massimo entro le ore 13 del giorno precedente). Se hai bisogno di un passaggio in auto, chiama ad inizio settimana.<\/em><\/strong><\/p>\n<p style=\"text-align: left;\"><strong><em>Per le uscite con trasferimento in pullman, o per i Trek di fine settimana, telefona entro il mercoled\u00ec precedente, oppure segui le istruzioni sulla locandina di presentazione.<\/em><\/strong><\/p>\n<p style=\"text-align: left;\"><strong><em>Per i Trekking pi\u00f9 lunghi o le settimane chiama qualche settimana prima, o entro il limite richiesto.<\/em><\/strong><\/p>\n<p style=\"text-align: left;\">Telefona ad uno degli accompagnatori riportati dopo &#8220;Informazioni e prenotazioni&#8221;. Informa l&#8217;accompagnatore che \u00e8 la prima volta che partecipi ad una escursione. Avrai le informazioni sulla uscita: orari, luogo dell&#8217;appuntamento, caratteristiche del percorso, ecc.<br \/>\nSe devi tesserarti o rinnovare la tua tessera clicca <a href=\"https:\/\/www.sentieroverde.org\/wordpress\/?page_id=33361\"><strong>qui<\/strong><\/a><\/p>\n<p style=\"text-align: left;\"><strong><span style=\"color: #008080;\">L&#8217;escursione costa <span style=\"text-decoration: underline; color: #cc0000;\">15 \u20ac di tessera Federtrek e 10 \u20ac di quota gita,<\/span> le volte successive, portando la tessera Federtrek, <span style=\"text-decoration: underline; color: #cc0000;\">pagherai solo la quota gita di 10 \u20ac<\/span>. <span style=\"color: #cc0000;\">I minori pagano solo la tessera a 5 \u20ac alla prima uscita<\/span>.<\/span> <\/strong><span style=\"color: #cc0000;\"><em><strong>Sono escluse le eventuali spese di trasporto, pasti, pernotto ecc..&nbsp;&nbsp;<span style=\"color: #008080;\"> Per le iniziative di promozione, la quota gita potrebbe essere non richiesta .<\/span> <\/strong><span style=\"color: #008080;\">In alcuni casi (escursioni di pi\u00f9 giorni) potrebbe essere necessario versare un anticipo che sar\u00e0 scalato successivamente dalle spese. <\/span><br \/>\n<\/em><\/span><\/p>\n<p style=\"text-align: left;\" align=\"justify\"><em><strong>Per i trasferimenti dal luogo dell&#8217;appuntamento a quello della escursione si usano le auto private degli escursionisti e quella dell&#8217;accompagnatore (se ne \u00e8 dotato). Chiediamo cortesemente a chi ha l&#8217;auto di portarla al luogo dell&#8217;appuntamento. Quando in gruppo sar\u00e0 formato useremo il minore numero di auto possibile.<\/strong><\/em><\/p>\n<p style=\"text-align: left;\" align=\"justify\">&nbsp;In genere, per le escursioni di un giorno, si parte la mattina e si rientra il pomeriggio o la sera. <strong>L&#8217;orario dell&#8217;incontro per la partenza, \u00e8 stabilito dall&#8217;accompagnatore, mentre quello di ritorno \u00e8 sempre approssimativo<\/strong>. Si pu\u00f2 stabilire con una certa tolleranza l&#8217;orario di ritorno al punto di partenza a piedi, ma durante l&#8217;uscita possono esserci imprevisti che potrebbero anticipare o ritardare l&#8217;arrivo. L&#8217;orario di rientro \u00e8 anche condizionato anche dal traffico che potrebbe essere intenso nei giorni festivi. Quindi <em><strong>se hai appuntamenti o impegni nella serata, verifica la possibilit\u00e0 di rientrare da solo alla tua auto, oppure scegli una uscita di mezza giornata<\/strong><\/em>.<\/p>\n<h3 style=\"text-align: left;\"><span style=\"color: #008080;\"><strong>Cosa serve<br \/>\n<\/strong><\/span><\/h3>\n<p style=\"text-align: left;\" align=\"justify\"><strong>E&#8217; necessario <span style=\"text-decoration: underline;\"><span style=\"color: #cc0000; text-decoration: underline;\">calzare sempre scarponcini da escursionismo <\/span>che indosserai quando inizia il percorso a piedi, consigliati quelli con fondo robusto e scolpito, colletto alto, meglio se impermeabili e traspiranti. <span style=\"color: #cc0000; text-decoration: underline;\">Gli scarponcini sono fondamentali per camminare comodi ed in sicurezza<\/span><\/span>. Prima di acquistarli prova diversi modelli e misure con calzini da escursionismo, senza farti condizionare dall&#8217;estetica. Lo scarponcino migliore \u00e8 quello che calza meglio, deve essere comodo, ma stabile allo stesso tempo. Prova e allaccia i due scarponcini, fai qualche passo, dai qualche colpettino sulle punte (le dita dei piedi non devono toccare), fai delle pressioni sulle punte e sui talloni (il piede non deve essere costretto e non muoversi troppo). Immagina che dovrai calzare i tuoi scarponcini per camminate di chilometri, sui sassi, su sentieri impervi, sulle pozze d&#8217;acqua, su tratti scivolosi. Non avere fretta, preferisci i negozi specializzati. Se anche spenderai qualche euro in pi\u00f9, ti aiuteranno a scegliere lo scarponcino pi\u00f9 adatto. Alla fine dell&#8217;escursione, non ti pentirai di aver fatto una buona scelta.<br \/>\n<\/strong><\/p>\n<p style=\"text-align: left;\" align=\"justify\"><strong>Porta un piccolo<span style=\"color: #008080;\"> zaino (20-30 litri di capienza dovrebbero bastare), con lo spuntino al sacco,<\/span> <span style=\"color: #cc3300;\">l&#8217;acqua<\/span> e <span style=\"color: #008080;\">una giacca con cappuccio adatta alla stagione a <span style=\"text-decoration: underline;\">prova di pioggia<\/span><\/span> o un K-Way (pu\u00f2 andare bene per le prime volte e per le uscite facili), oppure una mantellina (pu\u00f2 intralciare il cammino con il vento). Molto utile \u00e8 il coprizaino, alcuni zaini ne sono gi\u00e0 dotati, altrimenti si pu\u00f2 comprare a parte. L&#8217;accompagnatore vi dir\u00e0 se serve altro.<\/strong><\/p>\n<h3 style=\"text-align: left;\"><span style=\"color: #008080;\"><strong>Come scegliere<br \/>\n<\/strong><\/span><\/h3>\n<p style=\"text-align: left;\" align=\"justify\">&nbsp;Se non sei allenato alle camminate, inizia con le escursioni classificate con <b>Difficolt\u00e0 T (Turistiche)<\/b>. Chiedi sempre all&#8217;accompagnatore le eventuali difficolt\u00e0 dell&#8217;escursione. <span style=\"color: #008080;\"><em>Non chiedergli per\u00f2 se ce la farai, l&#8217;accompagnatore non \u00e8 un medico e non ti conosce. Devi lasciarti dietro i dubbi e tentare. Le prime volte forse dovrai rincorrere per qualche tratto il gruppo e ti lamenterai di qualche fastidio muscolare. Ricorda che cammini con un accompagnatore, insieme ad un gruppo e non temere brutte figure.<\/em><\/span><\/p>\n<p style=\"text-align: left;\" align=\"justify\">Se poi trovi troppo facili le escursioni, classificate come T, e ti interessa il percorso, puoi partecipare alle escursioni con <strong>Difficolt\u00e0 E (Escursionistiche)<\/strong><\/p>\n<p style=\"text-align: left;\" align=\"justify\"><span style=\"text-decoration: underline; color: #cc0000;\"><b>Le escursioni classificate con EE (per Escursionisti Esperti) <\/b><\/span><span style=\"text-decoration: underline;\"><span style=\"color: #cc0000; text-decoration: underline;\"><b>sono adatte a chi ha buona esperienza di escursionismo, \u00e8 bene allenato e non soffre di vertigini<\/b><\/span><\/span><span style=\"text-decoration: underline; color: #cc0000;\"><b>.<\/b><\/span><\/p>\n<h3 style=\"text-align: left;\" align=\"center\"><span style=\"color: #008080; font-size: large;\">Perch\u00e9 iscriversi<\/span><\/h3>\n<p style=\"text-align: left;\" align=\"center\"><span style=\"color: #008080;\">Diventare socio di Sentiero Verde vuol dire condividere assieme a tanti amici la passione per camminare e scoprire l&#8217;ambiente che ci circonda. Spesso sopra, davanti e sotto i nostri occhi si celano cose che non avremmo mai immaginato. Sentiero Verde non organizza solo escursioni, ma anche visite guidate nei parchi cittadini, urban trek, osservazioni notturne, corsi di escursionismo e su altri argomenti correlati, incontri in sede ed iniziative a carattere sociale. Se ti iscrivi puoi partecipare ed anche contribuire, a tutte le nostre attivit\u00e0. Inoltre con la tessera Federtrek farai parte della grande famiglia degli escursionisti in continua crescita che conta decine di migliaia di soci in Italia ed in tutta l&#8217;Europa. <em><a style=\"color: #008080;\" href=\"https:\/\/www.sentieroverde.org\/wordpress\/?page_id=2\"><b>Per conoscerci meglio<\/b><\/a><\/em><\/span><b><br \/>\n<\/b><\/p>\n<h3 style=\"text-align: left;\" align=\"center\"><span style=\"color: #008080; font-size: large;\">Come iscriversi<\/span><\/h3>\n<h3 style=\"text-align: left;\" align=\"justify\"><strong>Per diventare soci della nostra associazione occorre essere tesserati con la <span style=\"color: #cc0000;\"><a style=\"color: #cc0000;\" href=\"https:\/\/www.federtrek.org\/\"> Federtrek<\/a><\/span>. Per il tesseramento fare riferimento a questa <a href=\"https:\/\/www.sentieroverde.org\/wordpress\/?page_id=33361\">pagina<\/a><\/strong><\/h3>\n<p style=\"text-align: left;\">Nel caso si partecipi ad una festa della nostra associazione o della federazione, la tessera non \u00e8 richiesta, ma potete richiederla per poter partecipare alle altre escursioni.<br \/>\n<b>Telefonare sempre qualche giorno prima all&#8217;accompagnatore responsabile della uscita per avere tutte le informazioni dettagliate sulla iniziativa.<\/b><\/p>\n<p><strong><a href=\"https:\/\/www.sentieroverde.org\/wordpress\/wp-content\/uploads\/2020\/07\/200625_STATUTO_25GIU2020_ATTO_PUBBLICO_SENTIERO-VERDE.pdf\">Lo Statuto di Sentiero Verde (da leggere)<\/a><\/strong><\/p>\n<h3 style=\"text-align: left;\" align=\"center\"><span style=\"color: #008080; font-size: large;\">La tessera<\/span><\/h3>\n<p style=\"text-align: center;\" align=\"center\"><b><span style=\"color: #008080; font-size: large;\"><a href=\"https:\/\/www.sentieroverde.org\/wordpress\/wp-content\/uploads\/2021\/07\/tessera_sv.jpg\"><img loading=\"lazy\" decoding=\"async\" class=\"aligncenter size-medium wp-image-25173\" src=\"https:\/\/www.sentieroverde.org\/wordpress\/wp-content\/uploads\/2021\/07\/tessera_sv-250x162.jpg\" alt=\"tessera\" width=\"250\" height=\"162\" srcset=\"https:\/\/www.sentieroverde.org\/wordpress\/wp-content\/uploads\/2021\/07\/tessera_sv-250x162.jpg 250w, https:\/\/www.sentieroverde.org\/wordpress\/wp-content\/uploads\/2021\/07\/tessera_sv-150x97.jpg 150w, https:\/\/www.sentieroverde.org\/wordpress\/wp-content\/uploads\/2021\/07\/tessera_sv.jpg 473w\" sizes=\"auto, (max-width: 250px) 100vw, 250px\" \/><\/a><\/span><\/b><\/p>\n<p>&nbsp;<\/p>\n<ul style=\"list-style-type: square;\">\n<li><span style=\"color: #008080;\">Ha <u>validit\u00e0 di un anno (365 giorni. compreso quello di iscrizione)<\/u>.<\/span><\/li>\n<li><span style=\"color: #008080;\">Con la tessera <b>si ha diritto a partecipare alle iniziative di Sentiero Verde e delle altre associazioni <a href=\"https:\/\/www.federtrek.org\/\"> <span style=\"color: #cc0000;\">Federtrek<\/span><\/a><\/b>. La tessera comprende anche una assicurazione contro gli infortuni.<\/span><\/li>\n<\/ul>\n<h3><span style=\"color: #008080;\">Informazioni Utili per le escursioni&nbsp;<\/span><\/h3>\n<p><strong><span style=\"color: #008080;\">Norme di comportamento<\/span><br \/>\n<\/strong><\/p>\n<p>Durante l&#8217;escursione dovresti rimanere tra&nbsp; i due accompagnatori. In caso di necessit\u00e0, avverti l&#8217;accompagnatore che chiude il gruppo che devi fermarti.&nbsp; <span style=\"text-decoration: underline;\"><strong>Attenzione alcune volte sono previste deviazioni anche su tratti non segnati e poco evidenti, quindi ti consigliamo vivamente di controllare spesso dove si trova l&#8217;accompagnatore e il gruppo.<\/strong> <\/span><\/p>\n<p><span style=\"color: #cc0000;\"><strong>Segui sempre le indicazioni degli accompagnatori ed evita iniziative personali che potrebbero mettere in difficolt\u00e0 la gestione del gruppo o peggio la sua sicurezza.<\/strong> <\/span><\/p>\n<p><span style=\"color: #008080;\"><strong>Filosofia del Camminare<\/strong><\/span><\/p>\n<p><strong>Per partecipare ad un trekking&#8230;<\/strong><br \/>\nLiberati delle ansie della quotidianit\u00e0 e lasciale a casa&#8230; <strong><span style=\"color: #008080;\">Camminare ti aiuta a liberare la mente da stress e problemi<\/span><\/strong>, a scaricare l&#8217;energia negativa accumulata in mesi di lavoro.<\/p>\n<p><strong>Impara a vivere in gruppo&#8230;<\/strong><br \/>\nAccetta le dinamiche del gruppo in cui sei inserito: i singoli componenti possono anche non piacerti tutti, ma ora tu ne fai parte, e per alcuni giorni impara a conviverci. Metti a disposizione del gruppo le tue conoscenze ed eventualmente le tue cose, e chiedi agli altri ci\u00f2 che ti manca (conoscenze e cose materiali). Informa il gruppo delle tue sensazioni e dei tuoi stati d&#8217;animo: tenerli per te non lo aiuta a capire cosa desideri.<strong><span style=\"color: #008080;\"> Informa l&#8217;accompagnatore dei tuoi problemi: se pu\u00f2, far\u00e0 di tutto per risolverli.<\/span><\/strong><\/p>\n<p><strong>Impara ad accettare gli imprevisti&#8230;<\/strong><br \/>\nNiente \u00e8 irrimediabile e durante un trekking gli imprevisti sono all&#8217;ordine del giorno. Perdere un sentiero, ritardare la sosta per lo spuntino o per l&#8217;arrivo alle auto, sono imprevisti che spesso hanno qualcosa da insegnarci. <strong>Non caricare l&#8217;accompagnatore di troppe aspettative, <span style=\"color: #cc0000;\">\u00e8 un volontario che si impegna a farti divertire camminando.<\/span><\/strong> <em>E&#8217; a tua disposizione per risolvere ogni problema, ma, <span style=\"text-decoration: underline;\">se il trekking non ti coinvolge, se la tua scelta non \u00e8 stata sufficientemente motivata e ponderata, non cercare un colpevole<\/span>, ma chiediti piuttosto perch\u00e9 hai deciso di parteciparvi, quali erano le tue aspettative e dove sono venute meno, non \u00e8 un dramma, rimarremo amici come prima.<\/em><\/p>\n<p><strong>Il trekking richiede un buon spirito di adattamento&#8230;<\/strong><br \/>\nPer partecipare ad un trekking <strong><span style=\"color: #008080;\">occorre sicuramente un buon spirito di adattamento<\/span><\/strong>, ma se pensi che questo ti sia estraneo, prova ugualmente. <span style=\"color: #cc0000;\"><strong>Se ti appassioni, col tempo affinerai la capacit\u00e0 di adeguarti alle persone, all&#8217;ambiente ed alle situazioni come non avresti mai immaginato!<\/strong><\/span><\/p>\n<p><strong>Non correre!<\/strong><br \/>\nScopri la pace interiore della lentezza consapevole, impara a camminare con passo lento, guardati intorno, c&#8217;\u00e8 sempre un fiore nuovo, un insetto, un colore che ti stupiranno, la natura \u00e8 uno spettacolo straordinario sempre diverso. <strong><span style=\"color: #008080;\">Il trekking non \u00e8 una competizione, il ritmo del gruppo deve adattarsi a quello del pi\u00f9 lento.<\/span><\/strong><\/p>\n<p><strong>Scopri il silenzio!<\/strong><br \/>\nE&#8217; bello il viaggio in gruppo perch\u00e9 si conosce gente nuova, si comunicano esperienze e si conoscono gli altri e noi stessi, &#8230; noi stessi. Durante il cammino riscopriamo anche la bellezza del silenzio, dell&#8217;ascoltare il proprio passo, il proprio respiro, i suoni della natura. I compagni di cammino ce ne saranno grati! <strong>Parliamo a bassa voce, disturberemo il meno possibile i nostri vicini e gli animali che forse potranno essere avvicinati&nbsp; senza reciproche paure.<\/strong> <span style=\"color: #008080;\"><strong>Diventeremo naturalmente parte dell&#8217;ambiente che attraversiamo ed impareremo a conoscerlo e ad amarlo.<\/strong><\/span><\/p>\n<h3><span style=\"color: #008080;\">Scala delle difficolt\u00e0<\/span><\/h3>\n<p>Il grado di difficolt\u00e0 di ogni escursione proposta nel programma viene definito, <strong><em>con una certa approssimazione<\/em><\/strong>, in base alla seguente scala:<\/p>\n<p><strong><span style=\"color: #008080;\">T Turistico o per Tutti<\/span><br \/>\n<\/strong>Percorso facile, si cammina sotto i 2000 m, su strada sterrata o su sentiero facile, senza problemi di orientamento. Dislivello mediamente non superiore ai 500 m. <strong><span style=\"color: #cc0000;\">E&#8217; richiesta una minima preparazione fisica, <span style=\"text-decoration: underline;\">scarponcini da escursionismo<\/span>, uno zainetto dove mettere una giacca a prova d&#8217;acqua o un k-way (le prime volte), spuntino al sacco e 1 litro acqua,<\/span> occhiali da sole e copricapo. L&#8217;accompagnatore ti dir\u00e0 se serve altro.<br \/>\n<\/strong><\/p>\n<p><strong>E Escursionistico <\/strong><br \/>\nPercorso di media difficolt\u00e0, su sentieri, mulattiere, pietraie o pascoli, seguendo tracce non sempre ben evidenti. Dislivello mediamente tra 500 m e 1000 m. <strong><span style=\"color: #cc0000;\">Occorre adeguata preparazione fisica,&nbsp; <u>scarponcini da escursionismo, <\/u>zaino con copertura per la&nbsp; pioggia, giacca a prova d&#8217;acqua, spuntino al sacco e almeno 1 litro di acqua,<\/span> occhiali da sole e copricapo. L&#8217;accompagnatore ti dir\u00e0 se serve altro.<br \/>\n<\/strong><\/p>\n<p><strong>EE Escursionisti Esperti <\/strong><br \/>\nPercorso pi\u00f9 impegnativo, su terreno vario e particolare, su pietraie, nevai, zone impervie o scivolose, possibile incontrare facili passaggi su roccia su cui appoggiarsi con le mani. Dislivello anche oltre i 1000 m. <strong><span style=\"color: #cc0000;\">Occorre preparazione fisica adeguata, esperienza di montagna, <span style=\"text-decoration: underline;\">scarponi traspiranti<\/span>. Sconsigliato a chi soffre di vertigini.<span style=\"color: #000000;\"> L&#8217;accompagnatore ti dir\u00e0 se serve altro.<\/span><br \/>\n<\/span><\/strong><\/p>\n<p><strong>EEA Escursionisti Esperti con Attrezzatura<br \/>\nPercorso difficile con tratti esposti e\/o di arrampicata anche su vie ferrate o attrezzate, per cui serve una attrezzatura specifica (casco, imbragatura, cordino, dissipatore, moschettoni) ed adeguate conoscenze tecniche sul suo impiego. Vietato a chi soffre di vertigini.<br \/>\n<\/strong><\/p>\n<p><strong><em><u>N.B. la scala delle difficolt\u00e0 \u00e8 indicativa, chiedere sempre all&#8217;accompagnatore le eventuali particolari difficolt\u00e0 e l&#8217;attrezzatura consigliata, oltre a quella standard<\/u><\/em><\/strong><\/p>\n<h3><span style=\"color: #008080;\">Attrezzatura<\/span><\/h3>\n<p><span style=\"color: #008080;\"><em>I viaggi a piedi sono utili per imparare a distinguere il superfluo dal necessario. Si scoprir\u00e0 allora che cosa \u00e8 necessario mangiare e cosa \u00e8 invece abitudine, si scoprir\u00e0 cos&#8217;\u00e8 necessario nell&#8217;igiene quotidiana, nelle comodit\u00e0, ecc. Eliminando il superfluo dagli zaini e dalle menti tutto sar\u00e0 pi\u00f9 leggero.<\/em><\/span><\/p>\n<p><strong><em>Chiedi sempre all&#8217;accompagnatore l&#8217;attrezzatura indispensabile e quella consigliata per l&#8217;escursione.<\/em><\/strong><\/p>\n<p><span style=\"color: #008080;\"><strong>Attrezzatura di base per le escursioni di un giorno<\/strong><\/span><\/p>\n<ol>\n<li><span style=\"text-decoration: underline;\"><span style=\"color: #cc0000; text-decoration: underline;\"><strong>Scarponcini da escursionismo con fondo scolpito, suola rigida e collo alto<\/strong><\/span><\/span><\/li>\n<li><strong><span style=\"color: #cc0000;\">Zaino piccolo (da 20 a 40 litri di capienza), ottimi quelli con coprizaino<\/span><\/strong><\/li>\n<li><span style=\"color: #cc0000;\"><strong>Abbigliamento comodo e robusto adatto alla stagione<\/strong><\/span><\/li>\n<\/ol>\n<p><strong><span style=\"color: #008080;\">Cosa mettere sempre nello zaino<\/span><br \/>\nSpuntino al sacco ed <span style=\"color: #cc0000;\">acqua per un giorno (minimo un litro), una giacca anti-pioggia con cappuccio<\/span> (K-WAY per le escursioni facili) o una mantellina antipioggia, calze di ricambio, pile leggero, un cappello.<br \/>\n<span style=\"color: #cc0000;\"><u>Lo spuntino e altri oggetti non resistenti all&#8217;acqua, devono essere riposti in buste di plastica chiuse.<\/u><\/span><\/strong><\/p>\n<p><strong><u>Prevedere qualche altra busta di plastica per raccogliere rifiuti o altro.<\/u><\/strong><\/p>\n<p><strong>Oggetti non necessari o da usare in particolari situazioni (chiedere all&#8217;accompagnatore) <\/strong><br \/>\nBastoncini da Escursionismo, Macchina fotografica, Binocolo, Radio rice-trasmittente (PMR), GPS.<\/p>\n<p>Le tabelle che seguono descrivono in generale ci\u00f2 che occorre per una escursione di un giorno, ovviamente ci sar\u00e0 da aggiungere o togliere materiale a seconda del percorso, delle condizioni meteo, della quota e la durata. <strong><span style=\"color: #cc0000;\">Chiedi sempre all&#8217;accompagnatore qualche giorno prima, quando ti prenoti, cosa serve di specifico, cos\u00ec potrai procurartelo in tempo.<\/span><\/strong><\/p>\n<p><strong>Zaino invernale per le escursioni E e EE (capienza 35-55 litri)<\/strong><br \/>\nGiacca a vento invernale a prova d&#8217;acqua e coprizaino oppure mantellina antipioggia (pu\u00f2 intralciare il passo con il vento). Un pile. Soprapantaloni impermeabili e ghette (per percorsi innevati). Guanti. Cappello invernale o passamontagna. Thermos o borraccia con acqua per un giorno. Colazione al sacco con alimenti energetici e frutta fresca. Indumenti di ricambio (calzettoni e maglietta intima). Occhiali da sole. Coltello multiuso e fischietto. Kit di primo soccorso. Sacchetto per i rifiuti. Crema solare e proteggi labbra.<\/p>\n<p><strong>Zaino estivo per le escursioni E e EE (capienza 30-45 litri)<\/strong><br \/>\nGiacca a vento estiva con cappuccio. Felpa con cappuccio o pile leggero. Cappello con falda. Borraccia con acqua per un giorno. Colazione al sacco e frutta fresca. Indumenti di ricambio (calzettoni&nbsp; e maglietta intima). Occhiali da sole. Coltello multiuso e fischietto. Kit di primo soccorso. Sacchetto per i rifiuti. Se oltre i 1000m, crema solare e proteggi labbra.<\/p>\n<p style=\"text-align: center;\"><strong>****************<br \/>\n<em>Hai letto tutto? complimenti e grazie, spero che il tempo impiegato ti sar\u00e0 utile.<br \/>\n<\/em><\/strong><\/p>\n<p style=\"text-align: center;\"><strong><em><span style=\"color: #008080;\">Adesso non ti rimane che metterti in cammino con noi. Inizia l&#8217;avventura &#8230;<\/span><\/em><\/strong><\/p>\n","protected":false},"excerpt":{"rendered":"<p>&nbsp; &nbsp; &nbsp; &nbsp; &nbsp; &nbsp; &nbsp; &nbsp; &nbsp; &nbsp; &nbsp; &nbsp; &nbsp; &nbsp; &nbsp; &nbsp; &nbsp; &nbsp; &nbsp; &nbsp; &nbsp; &nbsp; &nbsp; &nbsp; &nbsp; &nbsp; &nbsp; &nbsp; &nbsp; &nbsp; &nbsp; &nbsp; &nbsp; &nbsp; &nbsp; Per chi partecipa la prima volta alle nostre escursioni &#8230; c&#8217;\u00e8 sempre una prima volta per tutti &#8230; \ud83d\ude09 I fondamentali Ti chiediamo di collaborare con i nostri accompagnatori che sono tutti volontari. Se segui i nostri consigli, ci aiuti ad organizzare le uscite. GRAZIE Per le escursioni di un giorno, telefona all&#8217;accompagnatore qualche giorno prima (al massimo entro le ore 13 del giorno precedente).&hellip; <a class=\"continue\" href=\"https:\/\/www.sentieroverde.org\/wordpress\/?page_id=29\">Continua a leggere<span> la prima volta<\/span><\/a><\/p>\n<p> <a class=\"continue-reading-link\" href=\"https:\/\/www.sentieroverde.org\/wordpress\/?page_id=29\"><span>leggi tutto<\/span><i class=\"crycon-right-dir\"><\/i><\/a> <\/p>\n","protected":false},"author":1016,"featured_media":0,"parent":0,"menu_order":279,"comment_status":"open","ping_status":"open","template":"","meta":{"ngg_post_thumbnail":0,"footnotes":""},"class_list":["post-29","page","type-page","status-publish","hentry"],"publishpress_future_action":{"enabled":false,"date":"2026-05-07 02:08:31","action":"change-status","newStatus":"draft","terms":[],"taxonomy":"","extraData":[]},"publishpress_future_workflow_manual_trigger":{"enabledWorkflows":[]},"_links":{"self":[{"href":"https:\/\/www.sentieroverde.org\/wordpress\/index.php?rest_route=\/wp\/v2\/pages\/29","targetHints":{"allow":["GET"]}}],"collection":[{"href":"https:\/\/www.sentieroverde.org\/wordpress\/index.php?rest_route=\/wp\/v2\/pages"}],"about":[{"href":"https:\/\/www.sentieroverde.org\/wordpress\/index.php?rest_route=\/wp\/v2\/types\/page"}],"author":[{"embeddable":true,"href":"https:\/\/www.sentieroverde.org\/wordpress\/index.php?rest_route=\/wp\/v2\/users\/1016"}],"replies":[{"embeddable":true,"href":"https:\/\/www.sentieroverde.org\/wordpress\/index.php?rest_route=%2Fwp%2Fv2%2Fcomments&post=29"}],"version-history":[{"count":6,"href":"https:\/\/www.sentieroverde.org\/wordpress\/index.php?rest_route=\/wp\/v2\/pages\/29\/revisions"}],"predecessor-version":[{"id":33509,"href":"https:\/\/www.sentieroverde.org\/wordpress\/index.php?rest_route=\/wp\/v2\/pages\/29\/revisions\/33509"}],"wp:attachment":[{"href":"https:\/\/www.sentieroverde.org\/wordpress\/index.php?rest_route=%2Fwp%2Fv2%2Fmedia&parent=29"}],"curies":[{"name":"wp","href":"https:\/\/api.w.org\/{rel}","templated":true}]}}