{"id":33361,"date":"2024-11-14T18:08:30","date_gmt":"2024-11-14T17:08:30","guid":{"rendered":"https:\/\/www.sentieroverde.org\/wordpress\/?page_id=33361"},"modified":"2026-04-15T16:11:54","modified_gmt":"2026-04-15T14:11:54","slug":"prenotazione-tesseramento-e-modalita-di-partecipazione-2","status":"publish","type":"page","link":"https:\/\/www.sentieroverde.org\/wordpress\/?page_id=33361","title":{"rendered":"Prenotazioni, tesseramento e modalit\u00e0 di partecipazione"},"content":{"rendered":"<p style=\"text-align: left;\"><span style=\"color: #cc0000;\"><a href=\"https:\/\/www.sentieroverde.org\/wordpress\/wp-content\/uploads\/2020\/10\/logo_sentiero_verde.jpg\"><img loading=\"lazy\" decoding=\"async\" class=\"alignleft wp-image-23627\" src=\"https:\/\/www.sentieroverde.org\/wordpress\/wp-content\/uploads\/2021\/07\/tessera_sv.jpg\" alt=\"\" width=\"188\" height=\"122\"><\/a><\/span><strong>Prenotare le escursioni giornaliere contattando l&#8217;accompagnatore il cui contatto telefonico \u00e8 indicato su ogni proposta.<br \/>\n<em>Per consentire di svolgere le escursioni in sicurezza, nel rispetto di chi accompagna e di chi cammina con noi, il numero massimo dei partecipanti \u00e8 limitato.<\/em><\/strong> <strong><em><a href=\"https:\/\/www.federtrek.org\/\"><img loading=\"lazy\" decoding=\"async\" class=\"alignright wp-image-1508 \" src=\"https:\/\/www.sentieroverde.org\/wordpress\/wp-content\/uploads\/2015\/07\/Logo-Affiliata-FederTrek_02-300x102.jpg\" alt=\"mini\" width=\"191\" height=\"65\" srcset=\"https:\/\/www.sentieroverde.org\/wordpress\/wp-content\/uploads\/2015\/07\/Logo-Affiliata-FederTrek_02-300x102.jpg 300w, https:\/\/www.sentieroverde.org\/wordpress\/wp-content\/uploads\/2015\/07\/Logo-Affiliata-FederTrek_02-1024x349.jpg 1024w, https:\/\/www.sentieroverde.org\/wordpress\/wp-content\/uploads\/2015\/07\/Logo-Affiliata-FederTrek_02.jpg 1173w\" sizes=\"auto, (max-width: 191px) 100vw, 191px\" \/><\/a><\/em><\/strong><\/p>\n<p style=\"text-align: left;\"><span style=\"color: #cc0000;\"><span style=\"text-decoration: underline;\"><em><strong>Per partecipare alle escursioni \u00e8 obbligatoria la tessera Federtrek La tessera ha validit\u00e0 365 giorni e permette di partecipare alle iniziative organizzate da tutte le Associazioni affiliate a FederTrek in Italia, con la tessera FederTrek \u00e8 compresa la copertura assicurativa.<\/strong><\/em><\/span><\/span><\/p>\n<p style=\"text-align: center;\"><strong><em>La tessera&nbsp; Federtrek costa 15 euro e sar\u00e0 fornita in formato digitale stampabile<\/em><\/strong><span style=\"color: #cc0000;\"><strong><em><br \/>\n<\/em><\/strong><\/span><\/p>\n<h3><strong><a id=\"tesserarsi\"><\/a>Come Tesserarsi:<\/strong><\/h3>\n<ul style=\"list-style-type: square;\">\n<li><span style=\"color: #cc0000;\"><strong>Effettuare un bonifico di 15 euro, IBAN IT86W0100503253000000001965 <span style=\"color: #000000;\">intestato<\/span> <span style=\"color: #000000;\">a<\/span>&nbsp; <em>SENTIERO VERDE<\/em>,<br \/>\n<\/strong><\/span><strong><span style=\"color: #cc0000;\"><span style=\"color: #000000;\">indicare nella causale del bonifico<\/span> &#8220;TESSERA FEDERTREK PER (NOME E COGNOME)&#8221;.<\/span><br \/>\n<\/strong><strong>SE IL BONIFICO E&#8217; PER PIU&#8217; PERSONE, INDICARE TUTTI I NOMI E COGNOMI. SE IL BONIFICO E&#8217; ANCHE PER UN MINORE INDICARE TRA PARENTESI JUNIOR. PER&nbsp; I MINORI IL COSTO DELLA TESSERA E&#8217; DI 5 EURO<\/strong>&nbsp;<\/li>\n<li><strong>Scaricare i moduli in word editabili di iscrizione e per il consenso alla privacy dai link:&nbsp;<br \/>\n<a href=\"https:\/\/www.sentieroverde.org\/wordpress\/wp-content\/uploads\/2021\/02\/Modulo_iscrizione_2024.doc\"><img decoding=\"async\" class=\"alignleft\" src=\"https:\/\/www.sentieroverde.org\/wordpress\/wp-content\/uploads\/2024\/12\/word.gif\" alt=\"\">&#8211; <\/a><a href=\"https:\/\/www.sentieroverde.org\/wordpress\/wp-content\/uploads\/2026\/01\/Modulo-iscrizione-socio-tesserato_2026.doc\" target=\"_blank\" rel=\"noopener\">Modulo_iscrizione 2026.doc<\/a><br \/>\n<\/strong><a href=\"https:\/\/www.sentieroverde.org\/wordpress\/wp-content\/uploads\/2024\/04\/Info_privacy_2024_tesser_assoc_evidenziato.doc\"><strong>&#8211; Modulo trattamento dati \/privacy<\/strong><\/a><\/li>\n<\/ul>\n<p>&nbsp;<\/p>\n<ul style=\"list-style-type: square;\">\n<li><span style=\"color: #000000;\"><strong><span style=\"font-weight: bold;\"><span style=\"text-decoration: underline;\">COMPILARE IN OGNI LORO PARTE I MODULI DI ISCRIZIONE E DELLA PRIVACY, CON LA DATA, CON CARATTERI MAIUSCOLI BEN LEGGIBILI E FIRMARLI. <\/span><\/span><\/strong><\/span><\/li>\n<li><strong><span style=\"font-weight: bold;\"><span style=\"color: #cc0000;\"><span style=\"text-decoration: underline;\">ATTENZIONE: DEVONO ESSERE BARRATE LE DUE CASELLE CON IL SI DEL MODULO PRIVACY, ALTRIMENTI NON \u00c8 POSSIBILE EMETTERE LA TESSERA.<\/span><\/span><\/span><\/strong><\/li>\n<li><strong>INVIARE: <span style=\"color: #cc0000;\">COPIA DEL MODULO DI ISCRIZIONE<\/span> , <span style=\"color: #cc0000;\">COPIA DEL MODULO DELLA PRIVACY<\/span> COMPILATI E FIRMATI (UNITI O SEPARATI) E L<span style=\"color: #cc0000;\">&#8216;ATTESTAZIONE DEL BONIFICO A<\/span>:<\/strong> <strong><a href=\"mailto:tesseramento@sentieroverde.org\">tesseramento@sentieroverde.org<\/a><\/strong><\/li>\n<li><span style=\"color: #ff0000;\"><strong>Per gli over 75 inviare anche un certificato medico per attivit\u00e0 sportiva non agonistica<\/strong><\/span><\/li>\n<li><strong>La tesser\u00e0 sar\u00e0 fornita solo in formato digitale stampabile. E&#8217; valida la copia sullo smartphone o cartacea<\/strong><\/li>\n<li><strong>In caso di dubbi chiedere al 333 392 7116, o telefonare ad uno dei numeri indicati per le prenotazioni<\/strong><span style=\"color: #cc0000;\"><br \/>\n<\/span><\/li>\n<li><span style=\"color: #cc0000;\"><strong>La tessera si pu\u00f2 fare anche il giorno dell&#8217;escursione basta avvisare l&#8217;accompagnatore due giorni prima.<\/strong><\/span><\/li>\n<\/ul>\n<p style=\"text-align: center;\"><strong><em>Per i ragazzi fino ai 17 anni il costo della tessera \u00e8 di 5 euro<\/em><\/strong><\/p>\n<p style=\"text-align: center;\"><strong><a id=\"contributo\"><\/a><span style=\"color: #cc0000;\">Il contributo di partecipazione \u00e8 di 10 Euro<\/span><\/strong><\/p>\n<p><strong><em>Si pu\u00f2 pagare all&#8217;accompagnatore durante l&#8217;escursione, avendo cura di usare il denaro contato.<\/em> <span style=\"color: #ff0000;\"><em>Fino ai 17 anni (accompagnati dai genitori) le attivit\u00e0 sono gratuite<\/em><\/span><\/strong><\/p>\n<h3>&nbsp;<\/h3>\n","protected":false},"excerpt":{"rendered":"<p>Prenotare le escursioni giornaliere contattando l&#8217;accompagnatore il cui contatto telefonico \u00e8 indicato su ogni proposta. Per consentire di svolgere le escursioni in sicurezza, nel rispetto di chi accompagna e di chi cammina con noi, il numero massimo dei partecipanti \u00e8 limitato. Per partecipare alle escursioni \u00e8 obbligatoria la tessera Federtrek La tessera ha validit\u00e0 365 giorni e permette di partecipare alle iniziative organizzate da tutte le Associazioni affiliate a FederTrek in Italia, con la tessera FederTrek \u00e8 compresa la copertura assicurativa. La tessera&nbsp; Federtrek costa 15 euro e sar\u00e0 fornita in formato digitale stampabile Come Tesserarsi: Effettuare un bonifico di&hellip; <a class=\"continue\" href=\"https:\/\/www.sentieroverde.org\/wordpress\/?page_id=33361\">Continua a leggere<span> Prenotazioni, tesseramento e modalit\u00e0 di partecipazione<\/span><\/a><\/p>\n<p> <a class=\"continue-reading-link\" href=\"https:\/\/www.sentieroverde.org\/wordpress\/?page_id=33361\"><span>leggi tutto<\/span><i class=\"crycon-right-dir\"><\/i><\/a> <\/p>\n","protected":false},"author":1016,"featured_media":0,"parent":0,"menu_order":0,"comment_status":"closed","ping_status":"closed","template":"","meta":{"ngg_post_thumbnail":0,"footnotes":""},"class_list":["post-33361","page","type-page","status-publish","hentry"],"publishpress_future_action":{"enabled":false,"date":"2026-05-06 07:18:35","action":"change-status","newStatus":"draft","terms":[],"taxonomy":"","extraData":[]},"publishpress_future_workflow_manual_trigger":{"enabledWorkflows":[]},"_links":{"self":[{"href":"https:\/\/www.sentieroverde.org\/wordpress\/index.php?rest_route=\/wp\/v2\/pages\/33361","targetHints":{"allow":["GET"]}}],"collection":[{"href":"https:\/\/www.sentieroverde.org\/wordpress\/index.php?rest_route=\/wp\/v2\/pages"}],"about":[{"href":"https:\/\/www.sentieroverde.org\/wordpress\/index.php?rest_route=\/wp\/v2\/types\/page"}],"author":[{"embeddable":true,"href":"https:\/\/www.sentieroverde.org\/wordpress\/index.php?rest_route=\/wp\/v2\/users\/1016"}],"replies":[{"embeddable":true,"href":"https:\/\/www.sentieroverde.org\/wordpress\/index.php?rest_route=%2Fwp%2Fv2%2Fcomments&post=33361"}],"version-history":[{"count":5,"href":"https:\/\/www.sentieroverde.org\/wordpress\/index.php?rest_route=\/wp\/v2\/pages\/33361\/revisions"}],"predecessor-version":[{"id":36992,"href":"https:\/\/www.sentieroverde.org\/wordpress\/index.php?rest_route=\/wp\/v2\/pages\/33361\/revisions\/36992"}],"wp:attachment":[{"href":"https:\/\/www.sentieroverde.org\/wordpress\/index.php?rest_route=%2Fwp%2Fv2%2Fmedia&parent=33361"}],"curies":[{"name":"wp","href":"https:\/\/api.w.org\/{rel}","templated":true}]}}